{"id":108,"date":"2023-07-21T16:37:47","date_gmt":"2023-07-21T16:37:47","guid":{"rendered":"https:\/\/yensaonhannghia.com\/index.php\/tai-khoan\/"},"modified":"2023-10-10T02:39:28","modified_gmt":"2023-10-10T02:39:28","slug":"tai-khoan","status":"publish","type":"page","link":"https:\/\/yensaonhannghia.com\/index.php\/tai-khoan\/","title":{"rendered":"TH\u00d4NG TIN LI\u00caN H\u1ec6"},"content":{"rendered":"\t\t<div data-elementor-type=\"wp-page\" data-elementor-id=\"108\" class=\"elementor elementor-108\">\n\t\t\t\t\t\t\t\t\t<section class=\"elementor-section elementor-top-section elementor-element elementor-element-7c49156c elementor-section-boxed elementor-section-height-default elementor-section-height-default\" data-id=\"7c49156c\" data-element_type=\"section\">\n\t\t\t\t\t\t<div class=\"elementor-container elementor-column-gap-default\">\n\t\t\t\t\t<div class=\"elementor-column elementor-col-100 elementor-top-column elementor-element elementor-element-53e31a14\" data-id=\"53e31a14\" data-element_type=\"column\">\n\t\t\t<div class=\"elementor-widget-wrap elementor-element-populated\">\n\t\t\t\t\t\t\t\t<div class=\"elementor-element elementor-element-32ce6991 elementor-widget elementor-widget-text-editor\" data-id=\"32ce6991\" data-element_type=\"widget\" data-widget_type=\"text-editor.default\">\n\t\t\t\t<div class=\"elementor-widget-container\">\n\t\t\t<style>\/*! elementor - v3.18.0 - 06-12-2023 *\/\n.elementor-widget-text-editor.elementor-drop-cap-view-stacked .elementor-drop-cap{background-color:#69727d;color:#fff}.elementor-widget-text-editor.elementor-drop-cap-view-framed .elementor-drop-cap{color:#69727d;border:3px solid;background-color:transparent}.elementor-widget-text-editor:not(.elementor-drop-cap-view-default) .elementor-drop-cap{margin-top:8px}.elementor-widget-text-editor:not(.elementor-drop-cap-view-default) .elementor-drop-cap-letter{width:1em;height:1em}.elementor-widget-text-editor .elementor-drop-cap{float:left;text-align:center;line-height:1;font-size:50px}.elementor-widget-text-editor .elementor-drop-cap-letter{display:inline-block}<\/style>\t\t\t\t<p><!-- wp:spacer --><\/p>\n<div style=\"height:100px\" aria-hidden=\"true\" class=\"wp-block-spacer\"><\/div>\n<p><!-- \/wp:spacer --><\/p>\n<p><!-- wp:paragraph {\"align\":\"center\"} --><\/p>\n<p class=\"has-text-align-center\">           M\u1ecdi th\u1eafc m\u1eafc Qu\u00fd kh\u00e1ch vui l\u00f2ng li\u00ean h\u1ec7 t\u1edbi ch\u00fang t\u00f4i th\u00f4ng qua th\u00f4ng tin b\u00ean d\u01b0\u1edbi. Ch\u00fang t\u00f4i s\u1ebd li\u00ean h\u1ec7 gi\u1ea3i \u0111\u00e1p th\u1eafc m\u1eafc t\u1edbi Qu\u00fd kh\u00e1ch m\u1ed9t c\u00e1ch s\u1edbm nh\u1ea5t.<\/p>\n<p><!-- \/wp:paragraph --><\/p>\n<p><!-- wp:media-text {\"mediaId\":202,\"mediaLink\":\"https:\/\/yensaonhannghia.com\/z4544020234212_95adc8c511a7f8e87e44ae8eaa13980b\/\",\"mediaType\":\"image\"} --><\/p>\n<div class=\"wp-block-media-text alignwide is-stacked-on-mobile\">\n<figure class=\"wp-block-media-text__media\"><img fetchpriority=\"high\" decoding=\"async\" width=\"1024\" height=\"662\" src=\"https:\/\/yensaonhannghia.com\/wp-content\/uploads\/2023\/07\/z4544020234212_95adc8c511a7f8e87e44ae8eaa13980b-1024x662.jpg\" alt=\"\" class=\"wp-image-202 size-full\" srcset=\"https:\/\/yensaonhannghia.com\/wp-content\/uploads\/2023\/07\/z4544020234212_95adc8c511a7f8e87e44ae8eaa13980b-1024x662.jpg 1024w, https:\/\/yensaonhannghia.com\/wp-content\/uploads\/2023\/07\/z4544020234212_95adc8c511a7f8e87e44ae8eaa13980b-300x194.jpg 300w, https:\/\/yensaonhannghia.com\/wp-content\/uploads\/2023\/07\/z4544020234212_95adc8c511a7f8e87e44ae8eaa13980b-768x497.jpg 768w, https:\/\/yensaonhannghia.com\/wp-content\/uploads\/2023\/07\/z4544020234212_95adc8c511a7f8e87e44ae8eaa13980b-600x388.jpg 600w, https:\/\/yensaonhannghia.com\/wp-content\/uploads\/2023\/07\/z4544020234212_95adc8c511a7f8e87e44ae8eaa13980b.jpg 1183w\" sizes=\"(max-width: 1024px) 100vw, 1024px\" \/><\/figure>\n<div class=\"wp-block-media-text__content\"><p><!-- wp:paragraph {\"placeholder\":\"N\u1ed9i dung...\",\"fontSize\":\"normal\"} --><\/p>\n<p class=\"has-normal-font-size\"><strong>TH\u00d4NG TIN LI\u00caN H\u1ec6:<\/strong><\/p>\n<p><!-- \/wp:paragraph --><\/p>\n<p><!-- wp:paragraph {\"textColor\":\"intrace-primary\"} --><\/p>\n<p class=\"has-intrace-primary-color has-text-color\">\u0110\u1ecba ch\u1ec9: 7\/6 \u0110\u1ed3 S\u01a1n, Ph\u01b0\u1eddng 4, Qu\u1eadn T\u00e2n B\u00ecnh, Tp. H\u1ed3 Ch\u00ed Minh, Vi\u1ec7t Nam.<\/p>\n<p><!-- \/wp:paragraph --><\/p>\n<p><!-- wp:paragraph {\"textColor\":\"intrace-primary\"} --><\/p>\n<p class=\"has-intrace-primary-color has-text-color\">S\u1ed1 \u0111i\u1ec7n tho\u1ea1i: 0912 643 146<\/p><p class=\"has-intrace-primary-color has-text-color\">Email: yensaonhannghia@gmail.com<\/p>\n<p><!-- \/wp:paragraph --><\/p><\/div>\n<\/div>\n<p><!-- \/wp:media-text --><\/p>\n<p><!-- wp:spacer --><\/p>\n<div style=\"height:100px\" aria-hidden=\"true\" class=\"wp-block-spacer\"><\/div>\n<p><!-- \/wp:spacer --><\/p>\t\t\t\t\t\t<\/div>\n\t\t\t\t<\/div>\n\t\t\t\t\t<\/div>\n\t\t<\/div>\n\t\t\t\t\t\t\t<\/div>\n\t\t<\/section>\n\t\t\t\t\t\t\t<\/div>\n\t\t","protected":false},"excerpt":{"rendered":"<p>M\u1ecdi th\u1eafc m\u1eafc Qu\u00fd kh\u00e1ch vui l\u00f2ng li\u00ean h\u1ec7 t\u1edbi ch\u00fang t\u00f4i th\u00f4ng qua th\u00f4ng tin b\u00ean d\u01b0\u1edbi. Ch\u00fang t\u00f4i s\u1ebd li\u00ean h\u1ec7 gi\u1ea3i \u0111\u00e1p th\u1eafc m\u1eafc t\u1edbi Qu\u00fd kh\u00e1ch m\u1ed9t c\u00e1ch s\u1edbm nh\u1ea5t. TH\u00d4NG TIN LI\u00caN H\u1ec6: \u0110\u1ecba ch\u1ec9: 7\/6 \u0110\u1ed3 S\u01a1n, Ph\u01b0\u1eddng 4, Qu\u1eadn T\u00e2n B\u00ecnh, Tp. H\u1ed3 Ch\u00ed Minh, Vi\u1ec7t Nam. S\u1ed1 [&hellip;]<\/p>\n","protected":false},"author":1,"featured_media":0,"parent":0,"menu_order":0,"comment_status":"closed","ping_status":"closed","template":"","meta":{"footnotes":""},"class_list":["post-108","page","type-page","status-publish","hentry"],"yoast_head":"<!-- This site is optimized with the Yoast SEO plugin v21.6 - https:\/\/yoast.com\/wordpress\/plugins\/seo\/ -->\n<title>TH\u00d4NG TIN LI\u00caN H\u1ec6 - Y\u1ebeN S\u00c0O NH\u00c2N NGH\u0128A<\/title>\n<meta name=\"robots\" content=\"index, follow, max-snippet:-1, max-image-preview:large, max-video-preview:-1\" \/>\n<link rel=\"canonical\" href=\"https:\/\/yensaonhannghia.com\/index.php\/tai-khoan\/\" \/>\n<meta property=\"og:locale\" content=\"vi_VN\" \/>\n<meta property=\"og:type\" content=\"article\" \/>\n<meta property=\"og:title\" content=\"TH\u00d4NG TIN LI\u00caN H\u1ec6 - Y\u1ebeN S\u00c0O NH\u00c2N NGH\u0128A\" \/>\n<meta property=\"og:description\" content=\"M\u1ecdi th\u1eafc m\u1eafc Qu\u00fd kh\u00e1ch vui l\u00f2ng li\u00ean h\u1ec7 t\u1edbi ch\u00fang t\u00f4i th\u00f4ng qua th\u00f4ng tin b\u00ean d\u01b0\u1edbi. Ch\u00fang t\u00f4i s\u1ebd li\u00ean h\u1ec7 gi\u1ea3i \u0111\u00e1p th\u1eafc m\u1eafc t\u1edbi Qu\u00fd kh\u00e1ch m\u1ed9t c\u00e1ch s\u1edbm nh\u1ea5t. TH\u00d4NG TIN LI\u00caN H\u1ec6: \u0110\u1ecba ch\u1ec9: 7\/6 \u0110\u1ed3 S\u01a1n, Ph\u01b0\u1eddng 4, Qu\u1eadn T\u00e2n B\u00ecnh, Tp. H\u1ed3 Ch\u00ed Minh, Vi\u1ec7t Nam. S\u1ed1 [&hellip;]\" \/>\n<meta property=\"og:url\" content=\"https:\/\/yensaonhannghia.com\/index.php\/tai-khoan\/\" \/>\n<meta property=\"og:site_name\" content=\"Y\u1ebeN S\u00c0O NH\u00c2N NGH\u0128A\" \/>\n<meta property=\"article:modified_time\" content=\"2023-10-10T02:39:28+00:00\" \/>\n<meta property=\"og:image\" content=\"https:\/\/yensaonhannghia.com\/wp-content\/uploads\/2023\/07\/z4544020234212_95adc8c511a7f8e87e44ae8eaa13980b-1024x662.jpg\" \/>\n<meta name=\"twitter:card\" content=\"summary_large_image\" \/>\n<script type=\"application\/ld+json\" class=\"yoast-schema-graph\">{\"@context\":\"https:\/\/schema.org\",\"@graph\":[{\"@type\":\"WebPage\",\"@id\":\"https:\/\/yensaonhannghia.com\/index.php\/tai-khoan\/\",\"url\":\"https:\/\/yensaonhannghia.com\/index.php\/tai-khoan\/\",\"name\":\"TH\u00d4NG TIN LI\u00caN H\u1ec6 - Y\u1ebeN S\u00c0O NH\u00c2N NGH\u0128A\",\"isPartOf\":{\"@id\":\"https:\/\/yensaonhannghia.com\/#website\"},\"datePublished\":\"2023-07-21T16:37:47+00:00\",\"dateModified\":\"2023-10-10T02:39:28+00:00\",\"breadcrumb\":{\"@id\":\"https:\/\/yensaonhannghia.com\/index.php\/tai-khoan\/#breadcrumb\"},\"inLanguage\":\"vi\",\"potentialAction\":[{\"@type\":\"ReadAction\",\"target\":[\"https:\/\/yensaonhannghia.com\/index.php\/tai-khoan\/\"]}]},{\"@type\":\"BreadcrumbList\",\"@id\":\"https:\/\/yensaonhannghia.com\/index.php\/tai-khoan\/#breadcrumb\",\"itemListElement\":[{\"@type\":\"ListItem\",\"position\":1,\"name\":\"Trang ch\u1ee7\",\"item\":\"https:\/\/yensaonhannghia.com\/\"},{\"@type\":\"ListItem\",\"position\":2,\"name\":\"TH\u00d4NG TIN LI\u00caN H\u1ec6\"}]},{\"@type\":\"WebSite\",\"@id\":\"https:\/\/yensaonhannghia.com\/#website\",\"url\":\"https:\/\/yensaonhannghia.com\/\",\"name\":\"Y\u1ebeN S\u00c0O NH\u00c2N NGH\u0128A\",\"description\":\"Y\u1ebfn S\u00e0o Nh\u00e2n Ngh\u0129a\",\"publisher\":{\"@id\":\"https:\/\/yensaonhannghia.com\/#organization\"},\"potentialAction\":[{\"@type\":\"SearchAction\",\"target\":{\"@type\":\"EntryPoint\",\"urlTemplate\":\"https:\/\/yensaonhannghia.com\/?s={search_term_string}\"},\"query-input\":\"required name=search_term_string\"}],\"inLanguage\":\"vi\"},{\"@type\":\"Organization\",\"@id\":\"https:\/\/yensaonhannghia.com\/#organization\",\"name\":\"Y\u1ebeN S\u00c0O NH\u00c2N NGH\u0128A\",\"url\":\"https:\/\/yensaonhannghia.com\/\",\"logo\":{\"@type\":\"ImageObject\",\"inLanguage\":\"vi\",\"@id\":\"https:\/\/yensaonhannghia.com\/#\/schema\/logo\/image\/\",\"url\":\"https:\/\/yensaonhannghia.com\/wp-content\/uploads\/383231099_871648821188769_7377963593789884731_n.jpeg\",\"contentUrl\":\"https:\/\/yensaonhannghia.com\/wp-content\/uploads\/383231099_871648821188769_7377963593789884731_n.jpeg\",\"width\":591,\"height\":591,\"caption\":\"Y\u1ebeN S\u00c0O NH\u00c2N NGH\u0128A\"},\"image\":{\"@id\":\"https:\/\/yensaonhannghia.com\/#\/schema\/logo\/image\/\"}}]}<\/script>\n<!-- \/ Yoast SEO plugin. -->","yoast_head_json":{"title":"TH\u00d4NG TIN LI\u00caN H\u1ec6 - Y\u1ebeN S\u00c0O NH\u00c2N NGH\u0128A","robots":{"index":"index","follow":"follow","max-snippet":"max-snippet:-1","max-image-preview":"max-image-preview:large","max-video-preview":"max-video-preview:-1"},"canonical":"https:\/\/yensaonhannghia.com\/index.php\/tai-khoan\/","og_locale":"vi_VN","og_type":"article","og_title":"TH\u00d4NG TIN LI\u00caN H\u1ec6 - Y\u1ebeN S\u00c0O NH\u00c2N NGH\u0128A","og_description":"M\u1ecdi th\u1eafc m\u1eafc Qu\u00fd kh\u00e1ch vui l\u00f2ng li\u00ean h\u1ec7 t\u1edbi ch\u00fang t\u00f4i th\u00f4ng qua th\u00f4ng tin b\u00ean d\u01b0\u1edbi. Ch\u00fang t\u00f4i s\u1ebd li\u00ean h\u1ec7 gi\u1ea3i \u0111\u00e1p th\u1eafc m\u1eafc t\u1edbi Qu\u00fd kh\u00e1ch m\u1ed9t c\u00e1ch s\u1edbm nh\u1ea5t. TH\u00d4NG TIN LI\u00caN H\u1ec6: \u0110\u1ecba ch\u1ec9: 7\/6 \u0110\u1ed3 S\u01a1n, Ph\u01b0\u1eddng 4, Qu\u1eadn T\u00e2n B\u00ecnh, Tp. H\u1ed3 Ch\u00ed Minh, Vi\u1ec7t Nam. S\u1ed1 [&hellip;]","og_url":"https:\/\/yensaonhannghia.com\/index.php\/tai-khoan\/","og_site_name":"Y\u1ebeN S\u00c0O NH\u00c2N NGH\u0128A","article_modified_time":"2023-10-10T02:39:28+00:00","og_image":[{"url":"https:\/\/yensaonhannghia.com\/wp-content\/uploads\/2023\/07\/z4544020234212_95adc8c511a7f8e87e44ae8eaa13980b-1024x662.jpg"}],"twitter_card":"summary_large_image","schema":{"@context":"https:\/\/schema.org","@graph":[{"@type":"WebPage","@id":"https:\/\/yensaonhannghia.com\/index.php\/tai-khoan\/","url":"https:\/\/yensaonhannghia.com\/index.php\/tai-khoan\/","name":"TH\u00d4NG TIN LI\u00caN H\u1ec6 - Y\u1ebeN S\u00c0O NH\u00c2N NGH\u0128A","isPartOf":{"@id":"https:\/\/yensaonhannghia.com\/#website"},"datePublished":"2023-07-21T16:37:47+00:00","dateModified":"2023-10-10T02:39:28+00:00","breadcrumb":{"@id":"https:\/\/yensaonhannghia.com\/index.php\/tai-khoan\/#breadcrumb"},"inLanguage":"vi","potentialAction":[{"@type":"ReadAction","target":["https:\/\/yensaonhannghia.com\/index.php\/tai-khoan\/"]}]},{"@type":"BreadcrumbList","@id":"https:\/\/yensaonhannghia.com\/index.php\/tai-khoan\/#breadcrumb","itemListElement":[{"@type":"ListItem","position":1,"name":"Trang ch\u1ee7","item":"https:\/\/yensaonhannghia.com\/"},{"@type":"ListItem","position":2,"name":"TH\u00d4NG TIN LI\u00caN H\u1ec6"}]},{"@type":"WebSite","@id":"https:\/\/yensaonhannghia.com\/#website","url":"https:\/\/yensaonhannghia.com\/","name":"Y\u1ebeN S\u00c0O NH\u00c2N NGH\u0128A","description":"Y\u1ebfn S\u00e0o Nh\u00e2n Ngh\u0129a","publisher":{"@id":"https:\/\/yensaonhannghia.com\/#organization"},"potentialAction":[{"@type":"SearchAction","target":{"@type":"EntryPoint","urlTemplate":"https:\/\/yensaonhannghia.com\/?s={search_term_string}"},"query-input":"required name=search_term_string"}],"inLanguage":"vi"},{"@type":"Organization","@id":"https:\/\/yensaonhannghia.com\/#organization","name":"Y\u1ebeN S\u00c0O NH\u00c2N NGH\u0128A","url":"https:\/\/yensaonhannghia.com\/","logo":{"@type":"ImageObject","inLanguage":"vi","@id":"https:\/\/yensaonhannghia.com\/#\/schema\/logo\/image\/","url":"https:\/\/yensaonhannghia.com\/wp-content\/uploads\/383231099_871648821188769_7377963593789884731_n.jpeg","contentUrl":"https:\/\/yensaonhannghia.com\/wp-content\/uploads\/383231099_871648821188769_7377963593789884731_n.jpeg","width":591,"height":591,"caption":"Y\u1ebeN S\u00c0O NH\u00c2N NGH\u0128A"},"image":{"@id":"https:\/\/yensaonhannghia.com\/#\/schema\/logo\/image\/"}}]}},"jetpack_sharing_enabled":true,"_links":{"self":[{"href":"https:\/\/yensaonhannghia.com\/index.php\/wp-json\/wp\/v2\/pages\/108","targetHints":{"allow":["GET"]}}],"collection":[{"href":"https:\/\/yensaonhannghia.com\/index.php\/wp-json\/wp\/v2\/pages"}],"about":[{"href":"https:\/\/yensaonhannghia.com\/index.php\/wp-json\/wp\/v2\/types\/page"}],"author":[{"embeddable":true,"href":"https:\/\/yensaonhannghia.com\/index.php\/wp-json\/wp\/v2\/users\/1"}],"replies":[{"embeddable":true,"href":"https:\/\/yensaonhannghia.com\/index.php\/wp-json\/wp\/v2\/comments?post=108"}],"version-history":[{"count":11,"href":"https:\/\/yensaonhannghia.com\/index.php\/wp-json\/wp\/v2\/pages\/108\/revisions"}],"predecessor-version":[{"id":867,"href":"https:\/\/yensaonhannghia.com\/index.php\/wp-json\/wp\/v2\/pages\/108\/revisions\/867"}],"wp:attachment":[{"href":"https:\/\/yensaonhannghia.com\/index.php\/wp-json\/wp\/v2\/media?parent=108"}],"curies":[{"name":"wp","href":"https:\/\/api.w.org\/{rel}","templated":true}]}}