{"id":534,"date":"2023-07-31T15:16:07","date_gmt":"2023-07-31T15:16:07","guid":{"rendered":"https:\/\/yensaonhannghia.com\/?page_id=534"},"modified":"2023-11-21T04:34:11","modified_gmt":"2023-11-21T04:34:11","slug":"uu-dai","status":"publish","type":"page","link":"https:\/\/yensaonhannghia.com\/index.php\/uu-dai\/","title":{"rendered":"\u01afU \u0110\u00c3I"},"content":{"rendered":"\t\t<div data-elementor-type=\"wp-page\" data-elementor-id=\"534\" class=\"elementor elementor-534\">\n\t\t\t\t\t\t\t\t\t<section class=\"elementor-section elementor-top-section elementor-element elementor-element-b2392f4 elementor-section-boxed elementor-section-height-default elementor-section-height-default\" data-id=\"b2392f4\" data-element_type=\"section\">\n\t\t\t\t\t\t<div class=\"elementor-container elementor-column-gap-default\">\n\t\t\t\t\t<div class=\"elementor-column elementor-col-100 elementor-top-column elementor-element elementor-element-242f2c7\" data-id=\"242f2c7\" data-element_type=\"column\">\n\t\t\t<div class=\"elementor-widget-wrap elementor-element-populated\">\n\t\t\t\t\t\t\t\t<div class=\"elementor-element elementor-element-c114708 elementor-widget elementor-widget-text-editor\" data-id=\"c114708\" data-element_type=\"widget\" data-widget_type=\"text-editor.default\">\n\t\t\t\t<div class=\"elementor-widget-container\">\n\t\t\t<style>\/*! elementor - v3.18.0 - 06-12-2023 *\/\n.elementor-widget-text-editor.elementor-drop-cap-view-stacked .elementor-drop-cap{background-color:#69727d;color:#fff}.elementor-widget-text-editor.elementor-drop-cap-view-framed .elementor-drop-cap{color:#69727d;border:3px solid;background-color:transparent}.elementor-widget-text-editor:not(.elementor-drop-cap-view-default) .elementor-drop-cap{margin-top:8px}.elementor-widget-text-editor:not(.elementor-drop-cap-view-default) .elementor-drop-cap-letter{width:1em;height:1em}.elementor-widget-text-editor .elementor-drop-cap{float:left;text-align:center;line-height:1;font-size:50px}.elementor-widget-text-editor .elementor-drop-cap-letter{display:inline-block}<\/style>\t\t\t\t<p>Ch\u01b0\u01a1ng tr\u00ecnh \u01afU \u0110\u00c3I c\u1ef1c k\u1ef3 h\u1ea5p d\u1eabn t\u1ea1i Y\u1ebfn S\u00e0o Nh\u00e2n Ngh\u0129a \u0111\u00e3 ch\u00ednh th\u1ee9c \u0111\u01b0\u1ee3c ra m\u1eaft v\u1edbi s\u1ed1 l\u01b0\u1ee3ng c\u00f3 h\u1ea1n! V\u1edbi 2 lo\u1ea1i s\u1ea3n ph\u1ea9m sau:<\/p><p><span style=\"color: var(--wp--preset--color--foreground); font-family: var( --e-global-typography-text-font-family ), Sans-serif; font-weight: var( --e-global-typography-text-font-weight ); background-color: var(--wp--preset--color--background); font-size: var(--wp--preset--font-size--extra-small);\">1.Y\u1ebeN TINH CH\u1ebe &#8211; MUA 1 H\u1ed8P, NH\u00c2N NGAY B\u1ed8 QU\u00c0 T\u1eb6NG H\u1ea4P D\u1eaaN!<\/span><\/p><p>Khi b\u1ea1n ch\u1ecdn mua 1 h\u1ed9p y\u1ebfn tinh ch\u1ebf t\u1eeb c\u1eeda h\u00e0ng, Nh\u00e2n Ngh\u0129a s\u1ebd t\u1eb7ng cho b\u1ea1n m\u1ed9t b\u1ed9 qu\u00e0 t\u1eb7ng th\u00fa v\u1ecb bao g\u1ed3m:<\/p><p>M\u1ed9t h\u1ed9p t\u00e1o \u0111\u1ecf t\u01b0\u01a1i ngon &#8211; \u0110\u01b0\u1ee3c ch\u1ecdn l\u1ef1a c\u1ea9n th\u1eadn \u0111\u1ec3 \u0111\u1ea3m b\u1ea3o h\u01b0\u01a1ng v\u1ecb tuy\u1ec7t h\u1ea3o.<\/p><p>M\u1ed9t h\u1ed9p \u0111\u01b0\u1eddng ph\u00e8n th\u01a1m ng\u1ecdt &#8211; \u0110i\u1ec3m ho\u00e0n h\u1ea3o cho s\u1ef1 ng\u1ecdt ng\u00e0o trong cu\u1ed9c s\u1ed1ng.<\/p><p>M\u1ed9t th\u1ed1 ch\u01b0ng y\u1ebfn \u0111\u1eb3ng c\u1ea5p ho\u1eb7c m\u1ed9t H\u1ee7 \u0111\u00f4ng tr\u00f9ng h\u1ea1 th\u1ea3o qu\u00fd gi\u00e1 &#8211; L\u1ef1a ch\u1ecdn t\u00f9y \u00fd theo s\u1edf th\u00edch c\u1ee7a b\u1ea1n.<\/p><p>V\u00e0 \u0111\u1eb7c bi\u1ec7t, Nh\u00e2n Ngh\u0129a c\u00f2n c\u00f3 ch\u01b0\u01a1ng tr\u00ecnh freeship to\u00e0n qu\u1ed1c, b\u1ea5t k\u1ec3 b\u1ea1n \u1edf t\u1ec9nh th\u00e0nh n\u00e0o. Ch\u00fang t\u00f4i mu\u1ed1n b\u1ea1n c\u00f3 tr\u1ea3i nghi\u1ec7m mua s\u1eafm th\u00fa v\u1ecb v\u00e0 ti\u1ebft ki\u1ec7m h\u01a1n bao gi\u1edd h\u1ebft.<\/p>\t\t\t\t\t\t<\/div>\n\t\t\t\t<\/div>\n\t\t\t\t\t<\/div>\n\t\t<\/div>\n\t\t\t\t\t\t\t<\/div>\n\t\t<\/section>\n\t\t\t\t<section class=\"elementor-section elementor-top-section elementor-element elementor-element-94d3fbd elementor-section-boxed elementor-section-height-default elementor-section-height-default\" data-id=\"94d3fbd\" data-element_type=\"section\">\n\t\t\t\t\t\t<div class=\"elementor-container elementor-column-gap-default\">\n\t\t\t\t\t<div class=\"elementor-column elementor-col-50 elementor-top-column elementor-element elementor-element-32a5a68\" data-id=\"32a5a68\" data-element_type=\"column\">\n\t\t\t<div class=\"elementor-widget-wrap elementor-element-populated\">\n\t\t\t\t\t\t\t\t<div class=\"elementor-element elementor-element-98ac3ba elementor-widget elementor-widget-image\" data-id=\"98ac3ba\" data-element_type=\"widget\" data-widget_type=\"image.default\">\n\t\t\t\t<div class=\"elementor-widget-container\">\n\t\t\t<style>\/*! elementor - v3.18.0 - 06-12-2023 *\/\n.elementor-widget-image{text-align:center}.elementor-widget-image a{display:inline-block}.elementor-widget-image a img[src$=\".svg\"]{width:48px}.elementor-widget-image img{vertical-align:middle;display:inline-block}<\/style>\t\t\t\t\t\t\t\t\t\t\t\t<img fetchpriority=\"high\" decoding=\"async\" width=\"1024\" height=\"1024\" src=\"https:\/\/yensaonhannghia.com\/wp-content\/uploads\/25-1024x1024.png\" class=\"attachment-large size-large wp-image-978\" alt=\"\" srcset=\"https:\/\/yensaonhannghia.com\/wp-content\/uploads\/25-1024x1024.png 1024w, https:\/\/yensaonhannghia.com\/wp-content\/uploads\/25-300x300.png 300w, https:\/\/yensaonhannghia.com\/wp-content\/uploads\/25-150x150.png 150w, https:\/\/yensaonhannghia.com\/wp-content\/uploads\/25-768x768.png 768w, https:\/\/yensaonhannghia.com\/wp-content\/uploads\/25-1536x1536.png 1536w, https:\/\/yensaonhannghia.com\/wp-content\/uploads\/25-2048x2048.png 2048w, https:\/\/yensaonhannghia.com\/wp-content\/uploads\/25-1320x1320.png 1320w, https:\/\/yensaonhannghia.com\/wp-content\/uploads\/25-600x600.png 600w, https:\/\/yensaonhannghia.com\/wp-content\/uploads\/25-100x100.png 100w\" sizes=\"(max-width: 1024px) 100vw, 1024px\" \/>\t\t\t\t\t\t\t\t\t\t\t\t\t\t\t<\/div>\n\t\t\t\t<\/div>\n\t\t\t\t\t<\/div>\n\t\t<\/div>\n\t\t\t\t<div class=\"elementor-column elementor-col-50 elementor-top-column elementor-element elementor-element-82c811a\" data-id=\"82c811a\" data-element_type=\"column\">\n\t\t\t<div class=\"elementor-widget-wrap elementor-element-populated\">\n\t\t\t\t\t\t\t\t<div class=\"elementor-element elementor-element-1366fbd elementor-widget elementor-widget-image\" data-id=\"1366fbd\" data-element_type=\"widget\" data-widget_type=\"image.default\">\n\t\t\t\t<div class=\"elementor-widget-container\">\n\t\t\t\t\t\t\t\t\t\t\t\t\t\t\t<img decoding=\"async\" width=\"1024\" height=\"683\" src=\"https:\/\/yensaonhannghia.com\/wp-content\/uploads\/P1081582-1-1024x683.png\" class=\"attachment-large size-large wp-image-960\" alt=\"\" srcset=\"https:\/\/yensaonhannghia.com\/wp-content\/uploads\/P1081582-1-1024x683.png 1024w, https:\/\/yensaonhannghia.com\/wp-content\/uploads\/P1081582-1-300x200.png 300w, https:\/\/yensaonhannghia.com\/wp-content\/uploads\/P1081582-1-768x512.png 768w\" sizes=\"(max-width: 1024px) 100vw, 1024px\" \/>\t\t\t\t\t\t\t\t\t\t\t\t\t\t\t<\/div>\n\t\t\t\t<\/div>\n\t\t\t\t\t<\/div>\n\t\t<\/div>\n\t\t\t\t\t\t\t<\/div>\n\t\t<\/section>\n\t\t\t\t<section class=\"elementor-section elementor-top-section elementor-element elementor-element-164103c elementor-section-boxed elementor-section-height-default elementor-section-height-default\" data-id=\"164103c\" data-element_type=\"section\">\n\t\t\t\t\t\t<div class=\"elementor-container elementor-column-gap-default\">\n\t\t\t\t\t<div class=\"elementor-column elementor-col-100 elementor-top-column elementor-element elementor-element-7aa890b\" data-id=\"7aa890b\" data-element_type=\"column\">\n\t\t\t<div class=\"elementor-widget-wrap elementor-element-populated\">\n\t\t\t\t\t\t\t\t<div class=\"elementor-element elementor-element-1eafc3c elementor-widget elementor-widget-text-editor\" data-id=\"1eafc3c\" data-element_type=\"widget\" data-widget_type=\"text-editor.default\">\n\t\t\t\t<div class=\"elementor-widget-container\">\n\t\t\t\t\t\t\t<p>2.Y\u1ebeN TI\u1ec6T TR\u00d9NG &#8211; C\u01a0 H\u1ed8I KH\u00d4NG TH\u1ec2 B\u1ece L\u1ee0!<\/p><p>Khi b\u1ea1n mua 10 h\u1ee7 Y\u1ebfn Ti\u1ec7t Tr\u00f9ng v\u1edbi \u0111a d\u1ea1ng v\u1ecb tu\u1ef3 ch\u1ecdn t\u1ea1i c\u1eeda h\u00e0ng (bao g\u1ed3m 7 v\u1ecb l\u1ef1a ch\u1ecdn \u0111\u1ed9c \u0111\u00e1o: collagen, tr\u1ebb em, t\u00e1o \u0111\u1ecf, \u0111\u01b0\u1eddng ph\u00e8n, h\u1ea1t sen, \u0111\u00f4ng tr\u00f9ng h\u1ea1 th\u1ea3o, nh\u1ecb hoa ngh\u1ec7 t\u00e2y), Y\u1ebfn S\u00e0o Nh\u00e2n Ngh\u0129a kh\u00f4ng ch\u1ec9 mang \u0111\u1ebfn b\u1ea1n ch\u1ea5t l\u01b0\u1ee3ng tuy\u1ec7t v\u1eddi m\u00e0 c\u00f2n:<\/p><p>T\u1eb6NG NGAY 1 h\u1ee7 Y\u1ebfn Ti\u1ec7t Tr\u00f9ng (v\u1ecb tu\u1ef3 ch\u1ecdn) &#8211; \u0111\u1ec3 b\u1ea1n th\u1eed nghi\u1ec7m th\u00eam s\u1ef1 \u0111a d\u1ea1ng v\u00e0 ngon mi\u1ec7ng.<\/p><p><span style=\"color: var(--wp--preset--color--foreground); font-family: var( --e-global-typography-text-font-family ), Sans-serif; font-weight: var( --e-global-typography-text-font-weight ); background-color: var(--wp--preset--color--background); font-size: var(--wp--preset--font-size--extra-small);\">V\u00e0 \u0111\u01b0\u01a1ng nhi\u00ean, ch\u00fang t\u00f4i s\u1ebd \u0111\u1ea3m b\u1ea3o b\u1ea1n nh\u1eadn h\u00e0ng m\u1ed9t c\u00e1ch ti\u1ec7n l\u1ee3i v\u00e0 nhanh ch\u00f3ng, v\u1edbi ch\u00ednh s\u00e1ch freeship to\u00e0n qu\u1ed1c.<\/span><br><\/p>\t\t\t\t\t\t<\/div>\n\t\t\t\t<\/div>\n\t\t\t\t\t<\/div>\n\t\t<\/div>\n\t\t\t\t\t\t\t<\/div>\n\t\t<\/section>\n\t\t\t\t<section class=\"elementor-section elementor-top-section elementor-element elementor-element-9ea79cf elementor-section-boxed elementor-section-height-default elementor-section-height-default\" data-id=\"9ea79cf\" data-element_type=\"section\">\n\t\t\t\t\t\t<div class=\"elementor-container elementor-column-gap-default\">\n\t\t\t\t\t<div class=\"elementor-column elementor-col-50 elementor-top-column elementor-element elementor-element-3ccb3de\" data-id=\"3ccb3de\" data-element_type=\"column\">\n\t\t\t<div class=\"elementor-widget-wrap elementor-element-populated\">\n\t\t\t\t\t\t\t\t<div class=\"elementor-element elementor-element-d2231d5 elementor-widget elementor-widget-image\" data-id=\"d2231d5\" data-element_type=\"widget\" data-widget_type=\"image.default\">\n\t\t\t\t<div class=\"elementor-widget-container\">\n\t\t\t\t\t\t\t\t\t\t\t\t\t\t\t<img decoding=\"async\" width=\"1024\" height=\"683\" src=\"https:\/\/yensaonhannghia.com\/wp-content\/uploads\/P1081587-1024x683.png\" class=\"attachment-large size-large wp-image-961\" alt=\"\" srcset=\"https:\/\/yensaonhannghia.com\/wp-content\/uploads\/P1081587-1024x683.png 1024w, https:\/\/yensaonhannghia.com\/wp-content\/uploads\/P1081587-300x200.png 300w, https:\/\/yensaonhannghia.com\/wp-content\/uploads\/P1081587-768x512.png 768w, https:\/\/yensaonhannghia.com\/wp-content\/uploads\/P1081587-1536x1024.png 1536w, https:\/\/yensaonhannghia.com\/wp-content\/uploads\/P1081587-2048x1365.png 2048w, https:\/\/yensaonhannghia.com\/wp-content\/uploads\/P1081587-1320x880.png 1320w, https:\/\/yensaonhannghia.com\/wp-content\/uploads\/P1081587-600x400.png 600w\" sizes=\"(max-width: 1024px) 100vw, 1024px\" \/>\t\t\t\t\t\t\t\t\t\t\t\t\t\t\t<\/div>\n\t\t\t\t<\/div>\n\t\t\t\t\t<\/div>\n\t\t<\/div>\n\t\t\t\t<div class=\"elementor-column elementor-col-50 elementor-top-column elementor-element elementor-element-997ee1e\" data-id=\"997ee1e\" data-element_type=\"column\">\n\t\t\t<div class=\"elementor-widget-wrap elementor-element-populated\">\n\t\t\t\t\t\t\t\t<div class=\"elementor-element elementor-element-8fdda0c elementor-widget elementor-widget-image\" data-id=\"8fdda0c\" data-element_type=\"widget\" data-widget_type=\"image.default\">\n\t\t\t\t<div class=\"elementor-widget-container\">\n\t\t\t\t\t\t\t\t\t\t\t\t\t\t\t<img loading=\"lazy\" decoding=\"async\" width=\"1024\" height=\"575\" src=\"https:\/\/yensaonhannghia.com\/wp-content\/uploads\/P1081664-1024x575.png\" class=\"attachment-large size-large wp-image-965\" alt=\"\" srcset=\"https:\/\/yensaonhannghia.com\/wp-content\/uploads\/P1081664-1024x575.png 1024w, https:\/\/yensaonhannghia.com\/wp-content\/uploads\/P1081664-300x168.png 300w, https:\/\/yensaonhannghia.com\/wp-content\/uploads\/P1081664-768x431.png 768w, https:\/\/yensaonhannghia.com\/wp-content\/uploads\/P1081664-1536x862.png 1536w, https:\/\/yensaonhannghia.com\/wp-content\/uploads\/P1081664-2048x1150.png 2048w, https:\/\/yensaonhannghia.com\/wp-content\/uploads\/P1081664-1320x741.png 1320w, https:\/\/yensaonhannghia.com\/wp-content\/uploads\/P1081664-600x337.png 600w\" sizes=\"(max-width: 1024px) 100vw, 1024px\" \/>\t\t\t\t\t\t\t\t\t\t\t\t\t\t\t<\/div>\n\t\t\t\t<\/div>\n\t\t\t\t\t<\/div>\n\t\t<\/div>\n\t\t\t\t\t\t\t<\/div>\n\t\t<\/section>\n\t\t\t\t<section class=\"elementor-section elementor-top-section elementor-element elementor-element-a209fa2 elementor-section-boxed elementor-section-height-default elementor-section-height-default\" data-id=\"a209fa2\" data-element_type=\"section\">\n\t\t\t\t\t\t<div class=\"elementor-container elementor-column-gap-default\">\n\t\t\t\t\t<div class=\"elementor-column elementor-col-100 elementor-top-column elementor-element elementor-element-0c636bd\" data-id=\"0c636bd\" data-element_type=\"column\">\n\t\t\t<div class=\"elementor-widget-wrap elementor-element-populated\">\n\t\t\t\t\t\t\t\t<div class=\"elementor-element elementor-element-1bb1a49 elementor-widget elementor-widget-text-editor\" data-id=\"1bb1a49\" data-element_type=\"widget\" data-widget_type=\"text-editor.default\">\n\t\t\t\t<div class=\"elementor-widget-container\">\n\t\t\t\t\t\t\t<p>L\u1ef1a ch\u1ecdn Nh\u00e2n Ngh\u0129a, b\u1ea1n kh\u00f4ng ch\u1ec9 \u0111\u01a1n gi\u1ea3n ch\u1ecdn m\u1ed9t s\u1ea3n ph\u1ea9m, m\u00e0 \u0111\u00f3 c\u00f2n l\u00e0 s\u1ef1 l\u1ef1a ch\u1ecdn t\u1eadn h\u01b0\u1edfng ch\u1ea5t l\u01b0\u1ee3ng v\u00e0 uy t\u00edn tuy\u1ec7t \u0111\u1ed1i.<\/p>\t\t\t\t\t\t<\/div>\n\t\t\t\t<\/div>\n\t\t\t\t\t<\/div>\n\t\t<\/div>\n\t\t\t\t\t\t\t<\/div>\n\t\t<\/section>\n\t\t\t\t\t\t\t<\/div>\n\t\t","protected":false},"excerpt":{"rendered":"<p>Ch\u01b0\u01a1ng tr\u00ecnh \u01afU \u0110\u00c3I c\u1ef1c k\u1ef3 h\u1ea5p d\u1eabn t\u1ea1i Y\u1ebfn S\u00e0o Nh\u00e2n Ngh\u0129a \u0111\u00e3 ch\u00ednh th\u1ee9c \u0111\u01b0\u1ee3c ra m\u1eaft v\u1edbi s\u1ed1 l\u01b0\u1ee3ng c\u00f3 h\u1ea1n! V\u1edbi 2 lo\u1ea1i s\u1ea3n ph\u1ea9m sau: 1.Y\u1ebeN TINH CH\u1ebe &#8211; MUA 1 H\u1ed8P, NH\u00c2N NGAY B\u1ed8 QU\u00c0 T\u1eb6NG H\u1ea4P D\u1eaaN! Khi b\u1ea1n ch\u1ecdn mua 1 h\u1ed9p y\u1ebfn tinh ch\u1ebf t\u1eeb c\u1eeda [&hellip;]<\/p>\n","protected":false},"author":1,"featured_media":0,"parent":0,"menu_order":0,"comment_status":"closed","ping_status":"closed","template":"","meta":{"footnotes":""},"class_list":["post-534","page","type-page","status-publish","hentry"],"yoast_head":"<!-- This site is optimized with the Yoast SEO plugin v21.6 - https:\/\/yoast.com\/wordpress\/plugins\/seo\/ -->\n<title>\u01afU \u0110\u00c3I - Y\u1ebeN S\u00c0O NH\u00c2N NGH\u0128A<\/title>\n<meta name=\"robots\" content=\"index, follow, max-snippet:-1, max-image-preview:large, max-video-preview:-1\" \/>\n<link rel=\"canonical\" href=\"https:\/\/yensaonhannghia.com\/index.php\/uu-dai\/\" \/>\n<meta property=\"og:locale\" content=\"vi_VN\" \/>\n<meta property=\"og:type\" content=\"article\" \/>\n<meta property=\"og:title\" content=\"\u01afU \u0110\u00c3I - Y\u1ebeN S\u00c0O NH\u00c2N NGH\u0128A\" \/>\n<meta property=\"og:description\" content=\"Ch\u01b0\u01a1ng tr\u00ecnh \u01afU \u0110\u00c3I c\u1ef1c k\u1ef3 h\u1ea5p d\u1eabn t\u1ea1i Y\u1ebfn S\u00e0o Nh\u00e2n Ngh\u0129a \u0111\u00e3 ch\u00ednh th\u1ee9c \u0111\u01b0\u1ee3c ra m\u1eaft v\u1edbi s\u1ed1 l\u01b0\u1ee3ng c\u00f3 h\u1ea1n! V\u1edbi 2 lo\u1ea1i s\u1ea3n ph\u1ea9m sau: 1.Y\u1ebeN TINH CH\u1ebe &#8211; MUA 1 H\u1ed8P, NH\u00c2N NGAY B\u1ed8 QU\u00c0 T\u1eb6NG H\u1ea4P D\u1eaaN! Khi b\u1ea1n ch\u1ecdn mua 1 h\u1ed9p y\u1ebfn tinh ch\u1ebf t\u1eeb c\u1eeda [&hellip;]\" \/>\n<meta property=\"og:url\" content=\"https:\/\/yensaonhannghia.com\/index.php\/uu-dai\/\" \/>\n<meta property=\"og:site_name\" content=\"Y\u1ebeN S\u00c0O NH\u00c2N NGH\u0128A\" \/>\n<meta property=\"article:modified_time\" content=\"2023-11-21T04:34:11+00:00\" \/>\n<meta property=\"og:image\" content=\"https:\/\/yensaonhannghia.com\/wp-content\/uploads\/25-1024x1024.png\" \/>\n<meta name=\"twitter:card\" content=\"summary_large_image\" \/>\n<meta name=\"twitter:label1\" content=\"\u01af\u1edbc t\u00ednh th\u1eddi gian \u0111\u1ecdc\" \/>\n\t<meta name=\"twitter:data1\" content=\"2 ph\u00fat\" \/>\n<script type=\"application\/ld+json\" class=\"yoast-schema-graph\">{\"@context\":\"https:\/\/schema.org\",\"@graph\":[{\"@type\":\"WebPage\",\"@id\":\"https:\/\/yensaonhannghia.com\/index.php\/uu-dai\/\",\"url\":\"https:\/\/yensaonhannghia.com\/index.php\/uu-dai\/\",\"name\":\"\u01afU \u0110\u00c3I - Y\u1ebeN S\u00c0O NH\u00c2N NGH\u0128A\",\"isPartOf\":{\"@id\":\"https:\/\/yensaonhannghia.com\/#website\"},\"datePublished\":\"2023-07-31T15:16:07+00:00\",\"dateModified\":\"2023-11-21T04:34:11+00:00\",\"breadcrumb\":{\"@id\":\"https:\/\/yensaonhannghia.com\/index.php\/uu-dai\/#breadcrumb\"},\"inLanguage\":\"vi\",\"potentialAction\":[{\"@type\":\"ReadAction\",\"target\":[\"https:\/\/yensaonhannghia.com\/index.php\/uu-dai\/\"]}]},{\"@type\":\"BreadcrumbList\",\"@id\":\"https:\/\/yensaonhannghia.com\/index.php\/uu-dai\/#breadcrumb\",\"itemListElement\":[{\"@type\":\"ListItem\",\"position\":1,\"name\":\"Trang ch\u1ee7\",\"item\":\"https:\/\/yensaonhannghia.com\/\"},{\"@type\":\"ListItem\",\"position\":2,\"name\":\"\u01afU \u0110\u00c3I\"}]},{\"@type\":\"WebSite\",\"@id\":\"https:\/\/yensaonhannghia.com\/#website\",\"url\":\"https:\/\/yensaonhannghia.com\/\",\"name\":\"Y\u1ebeN S\u00c0O NH\u00c2N NGH\u0128A\",\"description\":\"Y\u1ebfn S\u00e0o Nh\u00e2n Ngh\u0129a\",\"publisher\":{\"@id\":\"https:\/\/yensaonhannghia.com\/#organization\"},\"potentialAction\":[{\"@type\":\"SearchAction\",\"target\":{\"@type\":\"EntryPoint\",\"urlTemplate\":\"https:\/\/yensaonhannghia.com\/?s={search_term_string}\"},\"query-input\":\"required name=search_term_string\"}],\"inLanguage\":\"vi\"},{\"@type\":\"Organization\",\"@id\":\"https:\/\/yensaonhannghia.com\/#organization\",\"name\":\"Y\u1ebeN S\u00c0O NH\u00c2N NGH\u0128A\",\"url\":\"https:\/\/yensaonhannghia.com\/\",\"logo\":{\"@type\":\"ImageObject\",\"inLanguage\":\"vi\",\"@id\":\"https:\/\/yensaonhannghia.com\/#\/schema\/logo\/image\/\",\"url\":\"https:\/\/yensaonhannghia.com\/wp-content\/uploads\/383231099_871648821188769_7377963593789884731_n.jpeg\",\"contentUrl\":\"https:\/\/yensaonhannghia.com\/wp-content\/uploads\/383231099_871648821188769_7377963593789884731_n.jpeg\",\"width\":591,\"height\":591,\"caption\":\"Y\u1ebeN S\u00c0O NH\u00c2N NGH\u0128A\"},\"image\":{\"@id\":\"https:\/\/yensaonhannghia.com\/#\/schema\/logo\/image\/\"}}]}<\/script>\n<!-- \/ Yoast SEO plugin. -->","yoast_head_json":{"title":"\u01afU \u0110\u00c3I - Y\u1ebeN S\u00c0O NH\u00c2N NGH\u0128A","robots":{"index":"index","follow":"follow","max-snippet":"max-snippet:-1","max-image-preview":"max-image-preview:large","max-video-preview":"max-video-preview:-1"},"canonical":"https:\/\/yensaonhannghia.com\/index.php\/uu-dai\/","og_locale":"vi_VN","og_type":"article","og_title":"\u01afU \u0110\u00c3I - Y\u1ebeN S\u00c0O NH\u00c2N NGH\u0128A","og_description":"Ch\u01b0\u01a1ng tr\u00ecnh \u01afU \u0110\u00c3I c\u1ef1c k\u1ef3 h\u1ea5p d\u1eabn t\u1ea1i Y\u1ebfn S\u00e0o Nh\u00e2n Ngh\u0129a \u0111\u00e3 ch\u00ednh th\u1ee9c \u0111\u01b0\u1ee3c ra m\u1eaft v\u1edbi s\u1ed1 l\u01b0\u1ee3ng c\u00f3 h\u1ea1n! V\u1edbi 2 lo\u1ea1i s\u1ea3n ph\u1ea9m sau: 1.Y\u1ebeN TINH CH\u1ebe &#8211; MUA 1 H\u1ed8P, NH\u00c2N NGAY B\u1ed8 QU\u00c0 T\u1eb6NG H\u1ea4P D\u1eaaN! Khi b\u1ea1n ch\u1ecdn mua 1 h\u1ed9p y\u1ebfn tinh ch\u1ebf t\u1eeb c\u1eeda [&hellip;]","og_url":"https:\/\/yensaonhannghia.com\/index.php\/uu-dai\/","og_site_name":"Y\u1ebeN S\u00c0O NH\u00c2N NGH\u0128A","article_modified_time":"2023-11-21T04:34:11+00:00","og_image":[{"url":"https:\/\/yensaonhannghia.com\/wp-content\/uploads\/25-1024x1024.png"}],"twitter_card":"summary_large_image","twitter_misc":{"\u01af\u1edbc t\u00ednh th\u1eddi gian \u0111\u1ecdc":"2 ph\u00fat"},"schema":{"@context":"https:\/\/schema.org","@graph":[{"@type":"WebPage","@id":"https:\/\/yensaonhannghia.com\/index.php\/uu-dai\/","url":"https:\/\/yensaonhannghia.com\/index.php\/uu-dai\/","name":"\u01afU \u0110\u00c3I - Y\u1ebeN S\u00c0O NH\u00c2N NGH\u0128A","isPartOf":{"@id":"https:\/\/yensaonhannghia.com\/#website"},"datePublished":"2023-07-31T15:16:07+00:00","dateModified":"2023-11-21T04:34:11+00:00","breadcrumb":{"@id":"https:\/\/yensaonhannghia.com\/index.php\/uu-dai\/#breadcrumb"},"inLanguage":"vi","potentialAction":[{"@type":"ReadAction","target":["https:\/\/yensaonhannghia.com\/index.php\/uu-dai\/"]}]},{"@type":"BreadcrumbList","@id":"https:\/\/yensaonhannghia.com\/index.php\/uu-dai\/#breadcrumb","itemListElement":[{"@type":"ListItem","position":1,"name":"Trang ch\u1ee7","item":"https:\/\/yensaonhannghia.com\/"},{"@type":"ListItem","position":2,"name":"\u01afU \u0110\u00c3I"}]},{"@type":"WebSite","@id":"https:\/\/yensaonhannghia.com\/#website","url":"https:\/\/yensaonhannghia.com\/","name":"Y\u1ebeN S\u00c0O NH\u00c2N NGH\u0128A","description":"Y\u1ebfn S\u00e0o Nh\u00e2n Ngh\u0129a","publisher":{"@id":"https:\/\/yensaonhannghia.com\/#organization"},"potentialAction":[{"@type":"SearchAction","target":{"@type":"EntryPoint","urlTemplate":"https:\/\/yensaonhannghia.com\/?s={search_term_string}"},"query-input":"required name=search_term_string"}],"inLanguage":"vi"},{"@type":"Organization","@id":"https:\/\/yensaonhannghia.com\/#organization","name":"Y\u1ebeN S\u00c0O NH\u00c2N NGH\u0128A","url":"https:\/\/yensaonhannghia.com\/","logo":{"@type":"ImageObject","inLanguage":"vi","@id":"https:\/\/yensaonhannghia.com\/#\/schema\/logo\/image\/","url":"https:\/\/yensaonhannghia.com\/wp-content\/uploads\/383231099_871648821188769_7377963593789884731_n.jpeg","contentUrl":"https:\/\/yensaonhannghia.com\/wp-content\/uploads\/383231099_871648821188769_7377963593789884731_n.jpeg","width":591,"height":591,"caption":"Y\u1ebeN S\u00c0O NH\u00c2N NGH\u0128A"},"image":{"@id":"https:\/\/yensaonhannghia.com\/#\/schema\/logo\/image\/"}}]}},"jetpack_sharing_enabled":true,"_links":{"self":[{"href":"https:\/\/yensaonhannghia.com\/index.php\/wp-json\/wp\/v2\/pages\/534","targetHints":{"allow":["GET"]}}],"collection":[{"href":"https:\/\/yensaonhannghia.com\/index.php\/wp-json\/wp\/v2\/pages"}],"about":[{"href":"https:\/\/yensaonhannghia.com\/index.php\/wp-json\/wp\/v2\/types\/page"}],"author":[{"embeddable":true,"href":"https:\/\/yensaonhannghia.com\/index.php\/wp-json\/wp\/v2\/users\/1"}],"replies":[{"embeddable":true,"href":"https:\/\/yensaonhannghia.com\/index.php\/wp-json\/wp\/v2\/comments?post=534"}],"version-history":[{"count":10,"href":"https:\/\/yensaonhannghia.com\/index.php\/wp-json\/wp\/v2\/pages\/534\/revisions"}],"predecessor-version":[{"id":1038,"href":"https:\/\/yensaonhannghia.com\/index.php\/wp-json\/wp\/v2\/pages\/534\/revisions\/1038"}],"wp:attachment":[{"href":"https:\/\/yensaonhannghia.com\/index.php\/wp-json\/wp\/v2\/media?parent=534"}],"curies":[{"name":"wp","href":"https:\/\/api.w.org\/{rel}","templated":true}]}}