{"id":824,"date":"2023-10-10T03:26:06","date_gmt":"2023-10-10T03:26:06","guid":{"rendered":"https:\/\/yensaonhannghia.com\/?page_id=824"},"modified":"2023-11-21T04:17:43","modified_gmt":"2023-11-21T04:17:43","slug":"dep-dang-sang-da-cung-yen-sao","status":"publish","type":"page","link":"https:\/\/yensaonhannghia.com\/index.php\/dep-dang-sang-da-cung-yen-sao\/","title":{"rendered":"\u0110\u1eb8P D\u00c1NG &#8211; S\u00c1NG DA C\u00d9NG Y\u1ebeN S\u00c0O"},"content":{"rendered":"\t\t<div data-elementor-type=\"wp-page\" data-elementor-id=\"824\" class=\"elementor elementor-824\">\n\t\t\t\t\t\t\t\t\t<section class=\"elementor-section elementor-top-section elementor-element elementor-element-4f123ef elementor-section-boxed elementor-section-height-default elementor-section-height-default\" data-id=\"4f123ef\" data-element_type=\"section\">\n\t\t\t\t\t\t<div class=\"elementor-container elementor-column-gap-default\">\n\t\t\t\t\t<div class=\"elementor-column elementor-col-50 elementor-top-column elementor-element elementor-element-b4864bf\" data-id=\"b4864bf\" data-element_type=\"column\">\n\t\t\t<div class=\"elementor-widget-wrap elementor-element-populated\">\n\t\t\t\t\t\t\t\t<div class=\"elementor-element elementor-element-6eaa9fd elementor-widget elementor-widget-image\" data-id=\"6eaa9fd\" data-element_type=\"widget\" data-widget_type=\"image.default\">\n\t\t\t\t<div class=\"elementor-widget-container\">\n\t\t\t<style>\/*! elementor - v3.18.0 - 06-12-2023 *\/\n.elementor-widget-image{text-align:center}.elementor-widget-image a{display:inline-block}.elementor-widget-image a img[src$=\".svg\"]{width:48px}.elementor-widget-image img{vertical-align:middle;display:inline-block}<\/style>\t\t\t\t\t\t\t\t\t\t\t\t<img fetchpriority=\"high\" decoding=\"async\" width=\"1024\" height=\"1024\" src=\"https:\/\/yensaonhannghia.com\/wp-content\/uploads\/IMG_4798-1024x1024.jpg\" class=\"attachment-large size-large wp-image-780\" alt=\"\" srcset=\"https:\/\/yensaonhannghia.com\/wp-content\/uploads\/IMG_4798-1024x1024.jpg 1024w, https:\/\/yensaonhannghia.com\/wp-content\/uploads\/IMG_4798-300x300.jpg 300w, https:\/\/yensaonhannghia.com\/wp-content\/uploads\/IMG_4798-150x150.jpg 150w, https:\/\/yensaonhannghia.com\/wp-content\/uploads\/IMG_4798-768x768.jpg 768w, https:\/\/yensaonhannghia.com\/wp-content\/uploads\/IMG_4798-1320x1320.jpg 1320w, https:\/\/yensaonhannghia.com\/wp-content\/uploads\/IMG_4798-600x600.jpg 600w, https:\/\/yensaonhannghia.com\/wp-content\/uploads\/IMG_4798-100x100.jpg 100w, https:\/\/yensaonhannghia.com\/wp-content\/uploads\/IMG_4798.jpg 1440w\" sizes=\"(max-width: 1024px) 100vw, 1024px\" \/>\t\t\t\t\t\t\t\t\t\t\t\t\t\t\t<\/div>\n\t\t\t\t<\/div>\n\t\t\t\t\t<\/div>\n\t\t<\/div>\n\t\t\t\t<div class=\"elementor-column elementor-col-50 elementor-top-column elementor-element elementor-element-f596cdb\" data-id=\"f596cdb\" data-element_type=\"column\">\n\t\t\t<div class=\"elementor-widget-wrap elementor-element-populated\">\n\t\t\t\t\t\t\t\t<div class=\"elementor-element elementor-element-f08bd90 elementor-widget elementor-widget-image\" data-id=\"f08bd90\" data-element_type=\"widget\" data-widget_type=\"image.default\">\n\t\t\t\t<div class=\"elementor-widget-container\">\n\t\t\t\t\t\t\t\t\t\t\t\t\t\t\t<img decoding=\"async\" width=\"1024\" height=\"1024\" src=\"https:\/\/yensaonhannghia.com\/wp-content\/uploads\/10-1024x1024.png\" class=\"attachment-large size-large wp-image-989\" alt=\"\" srcset=\"https:\/\/yensaonhannghia.com\/wp-content\/uploads\/10-1024x1024.png 1024w, https:\/\/yensaonhannghia.com\/wp-content\/uploads\/10-300x300.png 300w, https:\/\/yensaonhannghia.com\/wp-content\/uploads\/10-150x150.png 150w, https:\/\/yensaonhannghia.com\/wp-content\/uploads\/10-768x768.png 768w, https:\/\/yensaonhannghia.com\/wp-content\/uploads\/10-1536x1536.png 1536w, https:\/\/yensaonhannghia.com\/wp-content\/uploads\/10-2048x2048.png 2048w, https:\/\/yensaonhannghia.com\/wp-content\/uploads\/10-1320x1320.png 1320w, https:\/\/yensaonhannghia.com\/wp-content\/uploads\/10-600x600.png 600w, https:\/\/yensaonhannghia.com\/wp-content\/uploads\/10-100x100.png 100w\" sizes=\"(max-width: 1024px) 100vw, 1024px\" \/>\t\t\t\t\t\t\t\t\t\t\t\t\t\t\t<\/div>\n\t\t\t\t<\/div>\n\t\t\t\t\t<\/div>\n\t\t<\/div>\n\t\t\t\t\t\t\t<\/div>\n\t\t<\/section>\n\t\t\t\t<section class=\"elementor-section elementor-top-section elementor-element elementor-element-39720f7 elementor-section-boxed elementor-section-height-default elementor-section-height-default\" data-id=\"39720f7\" data-element_type=\"section\">\n\t\t\t\t\t\t<div class=\"elementor-container elementor-column-gap-default\">\n\t\t\t\t\t<div class=\"elementor-column elementor-col-100 elementor-top-column elementor-element elementor-element-7fc6efe\" data-id=\"7fc6efe\" data-element_type=\"column\">\n\t\t\t<div class=\"elementor-widget-wrap elementor-element-populated\">\n\t\t\t\t\t\t\t\t<div class=\"elementor-element elementor-element-d038a5c elementor-widget elementor-widget-text-editor\" data-id=\"d038a5c\" data-element_type=\"widget\" data-widget_type=\"text-editor.default\">\n\t\t\t\t<div class=\"elementor-widget-container\">\n\t\t\t<style>\/*! elementor - v3.18.0 - 06-12-2023 *\/\n.elementor-widget-text-editor.elementor-drop-cap-view-stacked .elementor-drop-cap{background-color:#69727d;color:#fff}.elementor-widget-text-editor.elementor-drop-cap-view-framed .elementor-drop-cap{color:#69727d;border:3px solid;background-color:transparent}.elementor-widget-text-editor:not(.elementor-drop-cap-view-default) .elementor-drop-cap{margin-top:8px}.elementor-widget-text-editor:not(.elementor-drop-cap-view-default) .elementor-drop-cap-letter{width:1em;height:1em}.elementor-widget-text-editor .elementor-drop-cap{float:left;text-align:center;line-height:1;font-size:50px}.elementor-widget-text-editor .elementor-drop-cap-letter{display:inline-block}<\/style>\t\t\t\t<h6>Y<span style=\"font-weight: normal;\">\u1ebfn s\u00e0o l\u00e0 m\u1ed9t trong nh\u1eefng nguy\u00ean li\u1ec7u qu\u00fd gi\u00e1 v\u00e0 \u0111\u1ed9c \u0111\u00e1o trong l\u0129nh v\u1ef1c l\u00e0m \u0111\u1eb9p t\u1ef1 nhi\u00ean. N\u00f3 \u0111\u01b0\u1ee3c chi\u1ebft xu\u1ea5t t\u1eeb t\u1ed5 y\u1ebfn c\u1ee7a chim Y\u1ebfn, ch\u1ee9a nhi\u1ec1u d\u01b0\u1ee1ng ch\u1ea5t qu\u00fd gi\u00e1 nh\u01b0 protein, collagen, sialic acid, v\u00e0 c\u00e1c kho\u00e1ng ch\u1ea5t thi\u1ebft y\u1ebfu. Nh\u1edd v\u00e0o nh\u1eefng l\u1ee3i \u00edch v\u01b0\u1ee3t tr\u1ed9i n\u00e0y, Y\u1ebfn s\u00e0o \u0111\u00e3 tr\u1edf th\u00e0nh m\u1ed9t trong nh\u1eefng l\u1ef1a ch\u1ecdn h\u00e0ng \u0111\u1ea7u c\u1ee7a ph\u1ee5 n\u1eef \u0111\u1ec3 ch\u0103m s\u00f3c s\u1ee9c kh\u1ecfe, \u0111\u1eb9p d\u00e1ng v\u00e0 s\u00e1ng da. \u0110\u1eb7c bi\u1ec7t h\u01a1n, t\u1ea1i Y\u1ebfn S\u00e0o Nh\u00e2n Ngh\u0129a, ch\u00fang t\u00f4i \u0111\u1eb7c bi\u1ec7t t\u1ef1 h\u00e0o khi gi\u1edbi thi\u1ec7u s\u1ea3n ph\u1ea9m Y\u1ebfn Collagen &#8211; m\u1ed9t s\u1ea3n ph\u1ea9m t\u1ed1i \u01b0u d\u00e0nh ri\u00eang cho s\u1ef1 ch\u0103m s\u00f3c da c\u1ee7a ph\u1ee5 n\u1eef&#8230;&nbsp;<\/span><\/h6>\n<h6><span style=\"font-weight: normal;\">1<\/span><u style=\"\">. \u0110\u1eb9p d\u00e1ng c\u00f9ng Y\u1ebfn s\u00e0o:<\/u><br><p><\/p>\n<ul>\n<li><span style=\"font-weight: normal;\">Gi\u1eef v\u00f3c d\u00e1ng c\u00e2n \u0111\u1ed1i: Y\u1ebfn s\u00e0o c\u00f3 kh\u1ea3 n\u0103ng h\u1ed7 tr\u1ee3 gi\u1ea3m c\u00e2n m\u1ed9t c\u00e1ch t\u1ef1 nhi\u00ean v\u00e0 an to\u00e0n. Ch\u1ea5t protein trong Y\u1ebfn s\u00e0o gi\u00fap t\u0103ng c\u01b0\u1eddng s\u1ef1 trao \u0111\u1ed5i ch\u1ea5t, gi\u1ea3m c\u1ea3m gi\u00e1c th\u00e8m \u0103n v\u00e0 gi\u00fap b\u1ea1n c\u1ea3m th\u1ea5y no l\u00e2u h\u01a1n. \u0110\u1ed3ng th\u1eddi, n\u00f3 c\u00f2n gi\u00fap duy tr\u00ec c\u01a1 b\u1eafp v\u00e0 ng\u0103n ng\u1eeba s\u1ef1 suy gi\u1ea3m c\u01a1 t\u1ef1 nhi\u00ean khi gi\u1ea3m c\u00e2n.<\/span><\/li>\n<\/ul>\n<ul>\n<li><span style=\"font-weight: normal;\">&nbsp;H\u1ed7 tr\u1ee3 gi\u1ea3m cholesterol: C\u00e1c nghi\u00ean c\u1ee9u \u0111\u00e3 ch\u1ec9 ra r\u1eb1ng Y\u1ebfn s\u00e0o c\u00f3 kh\u1ea3 n\u0103ng gi\u00fap gi\u1ea3m m\u1ee9c cholesterol x\u1ea5u trong m\u00e1u. \u0110i\u1ec1u n\u00e0y gi\u00fap b\u1ea3o v\u1ec7 tim m\u1ea1ch v\u00e0 gi\u1ea3m nguy c\u01a1 m\u1eafc c\u00e1c b\u1ec7nh v\u1ec1 tim m\u1ea1ch.<\/span><\/li>\n<\/ul>\n<ul>\n<li><span style=\"font-weight: normal;\">T\u0103ng c\u01b0\u1eddng s\u1ee9c \u0111\u1ec1 kh\u00e1ng: Nh\u1edd v\u00e0o s\u1ef1 ch\u1ee9a \u0111\u1ea7y c\u00e1c d\u01b0\u1ee1ng ch\u1ea5t qu\u00fd gi\u00e1, Y\u1ebfn s\u00e0o gi\u00fap t\u0103ng c\u01b0\u1eddng h\u1ec7 th\u1ed1ng mi\u1ec5n d\u1ecbch, gi\u00fap b\u1ea1n \u0111\u1ec1 kh\u00e1ng v\u1edbi c\u00e1c b\u1ec7nh t\u1eadt v\u00e0 t\u0103ng c\u01b0\u1eddng s\u1ee9c m\u1ea1nh cho c\u01a1 th\u1ec3.<\/span><\/li>\n<\/ul>\n<p><span style=\"font-weight: normal;\">2<\/span><u style=\"\">. S\u00e1ng da c\u00f9ng Y\u1ebfn s\u00e0o:<\/u><\/p>\n<ul>\n<li><span style=\"font-weight: normal;\">L\u00e0m tr\u1eafng da t\u1ef1 nhi\u00ean: Y\u1ebfn s\u00e0o ch\u1ee9a nhi\u1ec1u d\u01b0\u1ee1ng ch\u1ea5t gi\u00fap l\u00e0m tr\u1eafng da t\u1ef1 nhi\u00ean m\u1ed9t c\u00e1ch hi\u1ec7u qu\u1ea3. C\u00e1c th\u00e0nh ph\u1ea7n c\u00f3 trong Y\u1ebfn s\u00e0o gi\u00fap l\u00e0m m\u1edd c\u00e1c v\u1ebft th\u00e2m, t\u00e0n nhang v\u00e0 \u0111\u1ed3ng th\u1eddi l\u00e0m cho l\u00e0n da tr\u1edf n\u00ean s\u00e1ng h\u01a1n.<\/span><\/li>\n<\/ul>\n<ul>\n<li><span style=\"font-weight: normal;\">Ng\u0103n ng\u1eeba l\u00e3o h\u00f3a: Collagen v\u00e0 sialic acid trong Y\u1ebfn s\u00e0o l\u00e0 hai y\u1ebfu t\u1ed1 quan tr\u1ecdng gi\u00fap gi\u1ea3m thi\u1ec3u qu\u00e1 tr\u00ecnh l\u00e3o h\u00f3a c\u1ee7a da. S\u1eed d\u1ee5ng Y\u1ebfn s\u00e0o \u0111\u1ec1u \u0111\u1eb7n gi\u00fap c\u1ea3i thi\u1ec7n \u0111\u1ed9 \u0111\u00e0n h\u1ed3i c\u1ee7a da, gi\u1ea3m s\u1ef1 xu\u1ea5t hi\u1ec7n c\u1ee7a n\u1ebfp nh\u0103n v\u00e0 duy tr\u00ec l\u00e0n da tr\u1ebb trung, t\u01b0\u01a1i s\u00e1ng.<\/span><\/li>\n<\/ul>\n<ul>\n<li><span style=\"font-weight: normal;\">Gi\u1ea3m m\u1ee5n v\u00e0 vi\u00eam da: C\u00e1c t\u00ednh ch\u1ea5t kh\u00e1ng vi khu\u1ea9n v\u00e0 ch\u1ed1ng vi\u00eam trong Y\u1ebfn s\u00e0o gi\u00fap l\u00e0m s\u1ea1ch da v\u00e0 gi\u1ea3m m\u1ee5n, ng\u0103n ng\u1eeba vi\u00eam da m\u1ed9t c\u00e1ch hi\u1ec7u qu\u1ea3.<\/span><\/li>\n<\/ul>\n<p><span style=\"font-weight: normal;\">H\u00e3y \u0111\u1ec3 Y\u1ebfn S\u00e0o Nh\u00e2n Ngh\u0129a l\u00e0m cho b\u1ea1n t\u1ecfa s\u00e1ng v\u1edbi l\u00e0n da m\u1ecbn m\u00e0ng v\u00e0 d\u00e1ng v\u00f3c quy\u1ebfn r\u0169.<\/span><\/p>\n<\/h6>\t\t\t\t\t\t<\/div>\n\t\t\t\t<\/div>\n\t\t\t\t\t<\/div>\n\t\t<\/div>\n\t\t\t\t\t\t\t<\/div>\n\t\t<\/section>\n\t\t\t\t\t\t\t<\/div>\n\t\t","protected":false},"excerpt":{"rendered":"<p>Y\u1ebfn s\u00e0o l\u00e0 m\u1ed9t trong nh\u1eefng nguy\u00ean li\u1ec7u qu\u00fd gi\u00e1 v\u00e0 \u0111\u1ed9c \u0111\u00e1o trong l\u0129nh v\u1ef1c l\u00e0m \u0111\u1eb9p t\u1ef1 nhi\u00ean. N\u00f3 \u0111\u01b0\u1ee3c chi\u1ebft xu\u1ea5t t\u1eeb t\u1ed5 y\u1ebfn c\u1ee7a chim Y\u1ebfn, ch\u1ee9a nhi\u1ec1u d\u01b0\u1ee1ng ch\u1ea5t qu\u00fd gi\u00e1 nh\u01b0 protein, collagen, sialic acid, v\u00e0 c\u00e1c kho\u00e1ng ch\u1ea5t thi\u1ebft y\u1ebfu. Nh\u1edd v\u00e0o nh\u1eefng l\u1ee3i \u00edch v\u01b0\u1ee3t tr\u1ed9i n\u00e0y, [&hellip;]<\/p>\n","protected":false},"author":1,"featured_media":0,"parent":0,"menu_order":0,"comment_status":"closed","ping_status":"closed","template":"","meta":{"footnotes":""},"class_list":["post-824","page","type-page","status-publish","hentry"],"yoast_head":"<!-- This site is optimized with the Yoast SEO plugin v21.6 - https:\/\/yoast.com\/wordpress\/plugins\/seo\/ -->\n<title>\u0110\u1eb8P D\u00c1NG - S\u00c1NG DA C\u00d9NG Y\u1ebeN S\u00c0O - Y\u1ebeN S\u00c0O NH\u00c2N NGH\u0128A<\/title>\n<meta name=\"robots\" content=\"index, follow, max-snippet:-1, max-image-preview:large, max-video-preview:-1\" \/>\n<link rel=\"canonical\" href=\"https:\/\/yensaonhannghia.com\/index.php\/dep-dang-sang-da-cung-yen-sao\/\" \/>\n<meta property=\"og:locale\" content=\"vi_VN\" \/>\n<meta property=\"og:type\" content=\"article\" \/>\n<meta property=\"og:title\" content=\"\u0110\u1eb8P D\u00c1NG - S\u00c1NG DA C\u00d9NG Y\u1ebeN S\u00c0O - Y\u1ebeN S\u00c0O NH\u00c2N NGH\u0128A\" \/>\n<meta property=\"og:description\" content=\"Y\u1ebfn s\u00e0o l\u00e0 m\u1ed9t trong nh\u1eefng nguy\u00ean li\u1ec7u qu\u00fd gi\u00e1 v\u00e0 \u0111\u1ed9c \u0111\u00e1o trong l\u0129nh v\u1ef1c l\u00e0m \u0111\u1eb9p t\u1ef1 nhi\u00ean. N\u00f3 \u0111\u01b0\u1ee3c chi\u1ebft xu\u1ea5t t\u1eeb t\u1ed5 y\u1ebfn c\u1ee7a chim Y\u1ebfn, ch\u1ee9a nhi\u1ec1u d\u01b0\u1ee1ng ch\u1ea5t qu\u00fd gi\u00e1 nh\u01b0 protein, collagen, sialic acid, v\u00e0 c\u00e1c kho\u00e1ng ch\u1ea5t thi\u1ebft y\u1ebfu. Nh\u1edd v\u00e0o nh\u1eefng l\u1ee3i \u00edch v\u01b0\u1ee3t tr\u1ed9i n\u00e0y, [&hellip;]\" \/>\n<meta property=\"og:url\" content=\"https:\/\/yensaonhannghia.com\/index.php\/dep-dang-sang-da-cung-yen-sao\/\" \/>\n<meta property=\"og:site_name\" content=\"Y\u1ebeN S\u00c0O NH\u00c2N NGH\u0128A\" \/>\n<meta property=\"article:modified_time\" content=\"2023-11-21T04:17:43+00:00\" \/>\n<meta property=\"og:image\" content=\"https:\/\/yensaonhannghia.com\/wp-content\/uploads\/IMG_4798-1024x1024.jpg\" \/>\n<meta name=\"twitter:card\" content=\"summary_large_image\" \/>\n<meta name=\"twitter:label1\" content=\"\u01af\u1edbc t\u00ednh th\u1eddi gian \u0111\u1ecdc\" \/>\n\t<meta name=\"twitter:data1\" content=\"3 ph\u00fat\" \/>\n<script type=\"application\/ld+json\" class=\"yoast-schema-graph\">{\"@context\":\"https:\/\/schema.org\",\"@graph\":[{\"@type\":\"WebPage\",\"@id\":\"https:\/\/yensaonhannghia.com\/index.php\/dep-dang-sang-da-cung-yen-sao\/\",\"url\":\"https:\/\/yensaonhannghia.com\/index.php\/dep-dang-sang-da-cung-yen-sao\/\",\"name\":\"\u0110\u1eb8P D\u00c1NG - S\u00c1NG DA C\u00d9NG Y\u1ebeN S\u00c0O - Y\u1ebeN S\u00c0O NH\u00c2N NGH\u0128A\",\"isPartOf\":{\"@id\":\"https:\/\/yensaonhannghia.com\/#website\"},\"datePublished\":\"2023-10-10T03:26:06+00:00\",\"dateModified\":\"2023-11-21T04:17:43+00:00\",\"breadcrumb\":{\"@id\":\"https:\/\/yensaonhannghia.com\/index.php\/dep-dang-sang-da-cung-yen-sao\/#breadcrumb\"},\"inLanguage\":\"vi\",\"potentialAction\":[{\"@type\":\"ReadAction\",\"target\":[\"https:\/\/yensaonhannghia.com\/index.php\/dep-dang-sang-da-cung-yen-sao\/\"]}]},{\"@type\":\"BreadcrumbList\",\"@id\":\"https:\/\/yensaonhannghia.com\/index.php\/dep-dang-sang-da-cung-yen-sao\/#breadcrumb\",\"itemListElement\":[{\"@type\":\"ListItem\",\"position\":1,\"name\":\"Trang ch\u1ee7\",\"item\":\"https:\/\/yensaonhannghia.com\/\"},{\"@type\":\"ListItem\",\"position\":2,\"name\":\"\u0110\u1eb8P D\u00c1NG &#8211; S\u00c1NG DA C\u00d9NG Y\u1ebeN S\u00c0O\"}]},{\"@type\":\"WebSite\",\"@id\":\"https:\/\/yensaonhannghia.com\/#website\",\"url\":\"https:\/\/yensaonhannghia.com\/\",\"name\":\"Y\u1ebeN S\u00c0O NH\u00c2N NGH\u0128A\",\"description\":\"Y\u1ebfn S\u00e0o Nh\u00e2n Ngh\u0129a\",\"publisher\":{\"@id\":\"https:\/\/yensaonhannghia.com\/#organization\"},\"potentialAction\":[{\"@type\":\"SearchAction\",\"target\":{\"@type\":\"EntryPoint\",\"urlTemplate\":\"https:\/\/yensaonhannghia.com\/?s={search_term_string}\"},\"query-input\":\"required name=search_term_string\"}],\"inLanguage\":\"vi\"},{\"@type\":\"Organization\",\"@id\":\"https:\/\/yensaonhannghia.com\/#organization\",\"name\":\"Y\u1ebeN S\u00c0O NH\u00c2N NGH\u0128A\",\"url\":\"https:\/\/yensaonhannghia.com\/\",\"logo\":{\"@type\":\"ImageObject\",\"inLanguage\":\"vi\",\"@id\":\"https:\/\/yensaonhannghia.com\/#\/schema\/logo\/image\/\",\"url\":\"https:\/\/yensaonhannghia.com\/wp-content\/uploads\/383231099_871648821188769_7377963593789884731_n.jpeg\",\"contentUrl\":\"https:\/\/yensaonhannghia.com\/wp-content\/uploads\/383231099_871648821188769_7377963593789884731_n.jpeg\",\"width\":591,\"height\":591,\"caption\":\"Y\u1ebeN S\u00c0O NH\u00c2N NGH\u0128A\"},\"image\":{\"@id\":\"https:\/\/yensaonhannghia.com\/#\/schema\/logo\/image\/\"}}]}<\/script>\n<!-- \/ Yoast SEO plugin. -->","yoast_head_json":{"title":"\u0110\u1eb8P D\u00c1NG - S\u00c1NG DA C\u00d9NG Y\u1ebeN S\u00c0O - Y\u1ebeN S\u00c0O NH\u00c2N NGH\u0128A","robots":{"index":"index","follow":"follow","max-snippet":"max-snippet:-1","max-image-preview":"max-image-preview:large","max-video-preview":"max-video-preview:-1"},"canonical":"https:\/\/yensaonhannghia.com\/index.php\/dep-dang-sang-da-cung-yen-sao\/","og_locale":"vi_VN","og_type":"article","og_title":"\u0110\u1eb8P D\u00c1NG - S\u00c1NG DA C\u00d9NG Y\u1ebeN S\u00c0O - Y\u1ebeN S\u00c0O NH\u00c2N NGH\u0128A","og_description":"Y\u1ebfn s\u00e0o l\u00e0 m\u1ed9t trong nh\u1eefng nguy\u00ean li\u1ec7u qu\u00fd gi\u00e1 v\u00e0 \u0111\u1ed9c \u0111\u00e1o trong l\u0129nh v\u1ef1c l\u00e0m \u0111\u1eb9p t\u1ef1 nhi\u00ean. N\u00f3 \u0111\u01b0\u1ee3c chi\u1ebft xu\u1ea5t t\u1eeb t\u1ed5 y\u1ebfn c\u1ee7a chim Y\u1ebfn, ch\u1ee9a nhi\u1ec1u d\u01b0\u1ee1ng ch\u1ea5t qu\u00fd gi\u00e1 nh\u01b0 protein, collagen, sialic acid, v\u00e0 c\u00e1c kho\u00e1ng ch\u1ea5t thi\u1ebft y\u1ebfu. Nh\u1edd v\u00e0o nh\u1eefng l\u1ee3i \u00edch v\u01b0\u1ee3t tr\u1ed9i n\u00e0y, [&hellip;]","og_url":"https:\/\/yensaonhannghia.com\/index.php\/dep-dang-sang-da-cung-yen-sao\/","og_site_name":"Y\u1ebeN S\u00c0O NH\u00c2N NGH\u0128A","article_modified_time":"2023-11-21T04:17:43+00:00","og_image":[{"url":"https:\/\/yensaonhannghia.com\/wp-content\/uploads\/IMG_4798-1024x1024.jpg"}],"twitter_card":"summary_large_image","twitter_misc":{"\u01af\u1edbc t\u00ednh th\u1eddi gian \u0111\u1ecdc":"3 ph\u00fat"},"schema":{"@context":"https:\/\/schema.org","@graph":[{"@type":"WebPage","@id":"https:\/\/yensaonhannghia.com\/index.php\/dep-dang-sang-da-cung-yen-sao\/","url":"https:\/\/yensaonhannghia.com\/index.php\/dep-dang-sang-da-cung-yen-sao\/","name":"\u0110\u1eb8P D\u00c1NG - S\u00c1NG DA C\u00d9NG Y\u1ebeN S\u00c0O - Y\u1ebeN S\u00c0O NH\u00c2N NGH\u0128A","isPartOf":{"@id":"https:\/\/yensaonhannghia.com\/#website"},"datePublished":"2023-10-10T03:26:06+00:00","dateModified":"2023-11-21T04:17:43+00:00","breadcrumb":{"@id":"https:\/\/yensaonhannghia.com\/index.php\/dep-dang-sang-da-cung-yen-sao\/#breadcrumb"},"inLanguage":"vi","potentialAction":[{"@type":"ReadAction","target":["https:\/\/yensaonhannghia.com\/index.php\/dep-dang-sang-da-cung-yen-sao\/"]}]},{"@type":"BreadcrumbList","@id":"https:\/\/yensaonhannghia.com\/index.php\/dep-dang-sang-da-cung-yen-sao\/#breadcrumb","itemListElement":[{"@type":"ListItem","position":1,"name":"Trang ch\u1ee7","item":"https:\/\/yensaonhannghia.com\/"},{"@type":"ListItem","position":2,"name":"\u0110\u1eb8P D\u00c1NG &#8211; S\u00c1NG DA C\u00d9NG Y\u1ebeN S\u00c0O"}]},{"@type":"WebSite","@id":"https:\/\/yensaonhannghia.com\/#website","url":"https:\/\/yensaonhannghia.com\/","name":"Y\u1ebeN S\u00c0O NH\u00c2N NGH\u0128A","description":"Y\u1ebfn S\u00e0o Nh\u00e2n Ngh\u0129a","publisher":{"@id":"https:\/\/yensaonhannghia.com\/#organization"},"potentialAction":[{"@type":"SearchAction","target":{"@type":"EntryPoint","urlTemplate":"https:\/\/yensaonhannghia.com\/?s={search_term_string}"},"query-input":"required name=search_term_string"}],"inLanguage":"vi"},{"@type":"Organization","@id":"https:\/\/yensaonhannghia.com\/#organization","name":"Y\u1ebeN S\u00c0O NH\u00c2N NGH\u0128A","url":"https:\/\/yensaonhannghia.com\/","logo":{"@type":"ImageObject","inLanguage":"vi","@id":"https:\/\/yensaonhannghia.com\/#\/schema\/logo\/image\/","url":"https:\/\/yensaonhannghia.com\/wp-content\/uploads\/383231099_871648821188769_7377963593789884731_n.jpeg","contentUrl":"https:\/\/yensaonhannghia.com\/wp-content\/uploads\/383231099_871648821188769_7377963593789884731_n.jpeg","width":591,"height":591,"caption":"Y\u1ebeN S\u00c0O NH\u00c2N NGH\u0128A"},"image":{"@id":"https:\/\/yensaonhannghia.com\/#\/schema\/logo\/image\/"}}]}},"jetpack_sharing_enabled":true,"_links":{"self":[{"href":"https:\/\/yensaonhannghia.com\/index.php\/wp-json\/wp\/v2\/pages\/824","targetHints":{"allow":["GET"]}}],"collection":[{"href":"https:\/\/yensaonhannghia.com\/index.php\/wp-json\/wp\/v2\/pages"}],"about":[{"href":"https:\/\/yensaonhannghia.com\/index.php\/wp-json\/wp\/v2\/types\/page"}],"author":[{"embeddable":true,"href":"https:\/\/yensaonhannghia.com\/index.php\/wp-json\/wp\/v2\/users\/1"}],"replies":[{"embeddable":true,"href":"https:\/\/yensaonhannghia.com\/index.php\/wp-json\/wp\/v2\/comments?post=824"}],"version-history":[{"count":19,"href":"https:\/\/yensaonhannghia.com\/index.php\/wp-json\/wp\/v2\/pages\/824\/revisions"}],"predecessor-version":[{"id":1031,"href":"https:\/\/yensaonhannghia.com\/index.php\/wp-json\/wp\/v2\/pages\/824\/revisions\/1031"}],"wp:attachment":[{"href":"https:\/\/yensaonhannghia.com\/index.php\/wp-json\/wp\/v2\/media?parent=824"}],"curies":[{"name":"wp","href":"https:\/\/api.w.org\/{rel}","templated":true}]}}