{"id":890,"date":"2023-10-10T04:17:45","date_gmt":"2023-10-10T04:17:45","guid":{"rendered":"https:\/\/yensaonhannghia.com\/?page_id=890"},"modified":"2023-11-21T04:06:16","modified_gmt":"2023-11-21T04:06:16","slug":"cach-lam-yen-chung-qua-le-thom-ngon-ho-tro-tri-ho","status":"publish","type":"page","link":"https:\/\/yensaonhannghia.com\/index.php\/cach-lam-yen-chung-qua-le-thom-ngon-ho-tro-tri-ho\/","title":{"rendered":"C\u00c1CH L\u00c0M Y\u1ebeN CH\u01afNG QU\u1ea2 L\u00ca TH\u01a0M NGON, H\u1ed4 TR\u1ee2 TR\u1eca HO"},"content":{"rendered":"\t\t<div data-elementor-type=\"wp-page\" data-elementor-id=\"890\" class=\"elementor elementor-890\">\n\t\t\t\t\t\t\t\t\t<section class=\"elementor-section elementor-top-section elementor-element elementor-element-b45e488 elementor-section-boxed elementor-section-height-default elementor-section-height-default\" data-id=\"b45e488\" data-element_type=\"section\">\n\t\t\t\t\t\t<div class=\"elementor-container elementor-column-gap-default\">\n\t\t\t\t\t<div class=\"elementor-column elementor-col-100 elementor-top-column elementor-element elementor-element-6c66350\" data-id=\"6c66350\" data-element_type=\"column\">\n\t\t\t<div class=\"elementor-widget-wrap elementor-element-populated\">\n\t\t\t\t\t\t\t\t<div class=\"elementor-element elementor-element-e3d104f elementor-widget elementor-widget-video\" data-id=\"e3d104f\" data-element_type=\"widget\" data-settings=\"{&quot;video_type&quot;:&quot;hosted&quot;,&quot;controls&quot;:&quot;yes&quot;}\" data-widget_type=\"video.default\">\n\t\t\t\t<div class=\"elementor-widget-container\">\n\t\t\t<style>\/*! elementor - v3.18.0 - 06-12-2023 *\/\n.elementor-widget-video .elementor-widget-container{overflow:hidden;transform:translateZ(0)}.elementor-widget-video .elementor-wrapper{aspect-ratio:var(--video-aspect-ratio)}.elementor-widget-video .elementor-wrapper iframe,.elementor-widget-video .elementor-wrapper video{height:100%;width:100%;display:flex;border:none;background-color:#000}@supports not (aspect-ratio:1\/1){.elementor-widget-video .elementor-wrapper{position:relative;overflow:hidden;height:0;padding-bottom:calc(100% \/ var(--video-aspect-ratio))}.elementor-widget-video .elementor-wrapper iframe,.elementor-widget-video .elementor-wrapper video{position:absolute;top:0;right:0;bottom:0;left:0}}.elementor-widget-video .elementor-open-inline .elementor-custom-embed-image-overlay{position:absolute;top:0;right:0;bottom:0;left:0;background-size:cover;background-position:50%}.elementor-widget-video .elementor-custom-embed-image-overlay{cursor:pointer;text-align:center}.elementor-widget-video .elementor-custom-embed-image-overlay:hover .elementor-custom-embed-play i{opacity:1}.elementor-widget-video .elementor-custom-embed-image-overlay img{display:block;width:100%;aspect-ratio:var(--video-aspect-ratio);-o-object-fit:cover;object-fit:cover;-o-object-position:center center;object-position:center center}@supports not (aspect-ratio:1\/1){.elementor-widget-video .elementor-custom-embed-image-overlay{position:relative;overflow:hidden;height:0;padding-bottom:calc(100% \/ var(--video-aspect-ratio))}.elementor-widget-video .elementor-custom-embed-image-overlay img{position:absolute;top:0;right:0;bottom:0;left:0}}.elementor-widget-video .e-hosted-video .elementor-video{-o-object-fit:cover;object-fit:cover}.e-con-inner>.elementor-widget-video,.e-con>.elementor-widget-video{width:var(--container-widget-width);--flex-grow:var(--container-widget-flex-grow)}<\/style>\t\t<div class=\"e-hosted-video elementor-wrapper elementor-open-inline\">\n\t\t\t\t\t<video class=\"elementor-video\" src=\"https:\/\/yensaonhannghia.com\/wp-content\/uploads\/1693147473145.mp4\" controls=\"\" preload=\"metadata\" controlsList=\"nodownload\"><\/video>\n\t\t\t\t<\/div>\n\t\t\t\t<\/div>\n\t\t\t\t<\/div>\n\t\t\t\t\t<\/div>\n\t\t<\/div>\n\t\t\t\t\t\t\t<\/div>\n\t\t<\/section>\n\t\t\t\t<section class=\"elementor-section elementor-top-section elementor-element elementor-element-050ec1a elementor-section-boxed elementor-section-height-default elementor-section-height-default\" data-id=\"050ec1a\" data-element_type=\"section\">\n\t\t\t\t\t\t<div class=\"elementor-container elementor-column-gap-default\">\n\t\t\t\t\t<div class=\"elementor-column elementor-col-100 elementor-top-column elementor-element elementor-element-651a804\" data-id=\"651a804\" data-element_type=\"column\">\n\t\t\t<div class=\"elementor-widget-wrap elementor-element-populated\">\n\t\t\t\t\t\t\t\t<div class=\"elementor-element elementor-element-98ab484 elementor-widget__width-initial elementor-widget elementor-widget-text-editor\" data-id=\"98ab484\" data-element_type=\"widget\" data-widget_type=\"text-editor.default\">\n\t\t\t\t<div class=\"elementor-widget-container\">\n\t\t\t<style>\/*! elementor - v3.18.0 - 06-12-2023 *\/\n.elementor-widget-text-editor.elementor-drop-cap-view-stacked .elementor-drop-cap{background-color:#69727d;color:#fff}.elementor-widget-text-editor.elementor-drop-cap-view-framed .elementor-drop-cap{color:#69727d;border:3px solid;background-color:transparent}.elementor-widget-text-editor:not(.elementor-drop-cap-view-default) .elementor-drop-cap{margin-top:8px}.elementor-widget-text-editor:not(.elementor-drop-cap-view-default) .elementor-drop-cap-letter{width:1em;height:1em}.elementor-widget-text-editor .elementor-drop-cap{float:left;text-align:center;line-height:1;font-size:50px}.elementor-widget-text-editor .elementor-drop-cap-letter{display:inline-block}<\/style>\t\t\t\t<p>1.&nbsp;&nbsp;<u style=\"font-weight: bold;\">V\u00ec&nbsp;sao y\u1ebfn ch\u01b0ng l\u00ea c\u00f3 t\u00e1c d\u1ee5ng h\u1ed7 tr\u1ee3 tr\u1ecb ho?<\/u><\/p>\n<p><span style=\"font-size: 17.6px;\">Trong \u0110\u00f4ng y, y\u1ebfn s\u00e0o \u0111\u01b0\u1ee3c bi\u1ebft \u0111\u1ebfn v\u1edbi c\u00f4ng d\u1ee5ng l\u00e0m s\u1ea1ch ph\u1ed5i, c\u1ea3i thi\u1ec7n c\u00e1c ch\u1ee9c n\u0103ng c\u1ee7a ph\u1ed5i. Ngo\u00e0i ra, c\u00f2n t\u0103ng c\u01b0\u1eddng h\u1ec7 th\u1ed1ng mi\u1ec5n d\u1ecbch, ch\u1ed1ng l\u1ea1i c\u00e1c t\u00e1c nh\u00e2n g\u00e2y b\u1ec7nh nh\u01b0 vi khu\u1ea9n, virus,\u2026&nbsp;<\/span><\/p>\n<p><span style=\"font-size: 17.6px;\">C\u00f2n theo Y h\u1ecdc c\u1ed5 truy\u1ec1n, qu\u1ea3 l\u00ea c\u00f3 v\u1ecb ng\u1ecdt, t\u00ednh m\u00e1t. Kh\u00f4ng ch\u1ec9 c\u00f3 t\u00e1c d\u1ee5ng gi\u1ea3i nhi\u1ec7t, thanh l\u1ecdc c\u01a1 th\u1ec3, qu\u1ea3 l\u00ea c\u00f2n b\u1ed5 ph\u1ed5i, tr\u1ecb ho v\u00e0 c\u1ea3i thi\u1ec7n s\u1ee9c \u0111\u1ec1 kh\u00e1ng. Ch\u00ednh v\u00ec v\u1eady, t\u1eeb l\u00e2u, y\u1ebfn ch\u01b0ng l\u00ea \u0111\u00e3 tr\u1edf th\u00e0nh b\u00e0i thu\u1ed1c tr\u1ecb ho, vi\u00eam ph\u1ebf qu\u1ea3n, vi\u00eam ph\u1ed5i, hen suy\u1ec5n,\u2026 \u0111\u01b0\u1ee3c nhi\u1ec1u ng\u01b0\u1eddi tin d\u00f9ng.<\/span><\/p>\n<p><span style=\"font-size: 17.6px;\"><br><\/span><\/p>\n<p><span style=\"font-size: 17.6px;\">2<b>. <u>C\u00e1ch l\u00e0m y\u1ebfn ch\u01b0ng l\u00ea th\u01a1m ngon&nbsp;<\/u><\/b><\/span><\/p>\n<p><span style=\"font-size: 17.6px;\">C\u00e1ch ch\u01b0ng y\u1ebfn v\u1edbi l\u00ea c\u1ef1c k\u1ef3 \u0111\u01a1n gi\u1ea3n. V\u00e0 b\u1ea1n c\u00f3 th\u1ec3 linh ho\u1ea1t thay \u0111\u1ed5i, b\u1ed5 sung th\u00eam m\u1ed9t s\u1ed1 nguy\u00ean li\u1ec7u kh\u00e1c \u0111\u1ec3 m\u00f3n \u0103n th\u00eam ngon v\u00e0 gia t\u0103ng kh\u1ea3 n\u0103ng \u0111i\u1ec1u tr\u1ecb b\u1ec7nh.<\/span><\/p>\n<p><\/p>\n<p><span style=\"font-size: 17.6px;\">D\u01b0\u1edbi \u0111\u00e2y l\u00e0 c\u00e1ch Y\u1ebfn S\u00e0o Nh\u00e2n Ngh\u0129a \u0111\u00e3 ch\u01b0ng:<\/span><\/p>\n<ul>\n<li><span style=\"font-size: 17.6px;\">Ng\u00e2m y\u1ebfn trong n\u01b0\u1edbc kho\u1ea3ng 20 &#8211; 30 ph\u00fat \u0111\u1ec3 y\u1ebfn n\u1edf m\u1ec1m.<\/span><\/li>\n<li><span style=\"font-size: 17.6px;\">Th\u00e1i l\u00ea h\u1ea1t l\u1ef1u ho\u1eb7c x\u1eaft m\u1ecfng, t\u00f9y v\u00e0o kh\u1ea3 n\u0103ng c\u1ee7a b\u1ea1n.<\/span><br><\/li>\n<li><span style=\"font-size: 17.6px;\">Cho Y\u1ebfn, l\u00ea, \u0111\u00f4ng tr\u00f9ng h\u1ea1 th\u1ea3o, t\u00e1o \u0111\u1ecf, g\u1eebng, \u0111\u01b0\u1eddng ph\u00e8n v\u00e0o th\u1ed1, \u0111\u1ed5 ng\u1eadp n\u01b0\u1edbc v\u00e0 ch\u01b0ng c\u00e1ch th\u1ee7y t\u1ea7m 20 &#8211; 30 ph\u00fat (tu\u1ef3 v\u00e0o l\u01b0\u1ee3ng y\u1ebfn).<br><\/span><\/li>\n<li><span style=\"font-size: 17.6px;\">L\u1ea5y Y\u1ebfn ra v\u00e0 th\u01b0\u1edfng th\u1ee9c ngay th\u00f4i.<\/span><\/li>\n<\/ul>\n<div><br><\/div>\n<div>\n<div><span style=\"font-size: 17.6px;\">3<b><u>. Nh\u1eefng t\u00e1c d\u1ee5ng kh\u00e1c c\u1ee7a y\u1ebfn ch\u01b0ng l\u00ea<\/u><\/b><\/span><\/div>\n<div><span style=\"font-size: 17.6px;\">H\u1ea7u nh\u01b0 ai c\u0169ng bi\u1ebft y\u1ebfn ch\u01b0ng l\u00ea tr\u1ecb ho hi\u1ec7u qu\u1ea3. V\u1eady ngo\u00e0i t\u00e1c d\u1ee5ng n\u00e0y th\u00ec y\u1ebfn ch\u01b0ng l\u00ea c\u00f2n mang \u0111\u1ebfn nh\u1eefng l\u1ee3i \u00edch g\u00ec cho s\u1ee9c kh\u1ecfe?<\/span><\/div>\n<div>\n<ul>\n<li><span style=\"font-size: 17.6px;\">Y\u1ebfn ch\u01b0ng l\u00ea H\u00e0n Qu\u1ed1c c\u00f3 t\u00e1c d\u1ee5ng t\u0103ng c\u01b0\u1eddng s\u1ee9c \u0111\u1ec1 kh\u00e1ng v\u00e0 h\u1ec7 mi\u1ec5n d\u1ecbch. Gi\u00fap c\u01a1 th\u1ec3 c\u00f3 th\u1ec3 ch\u1ed1ng ch\u1ecdi l\u00e0 c\u00e1c y\u1ebfu t\u1ed1 g\u00e2y b\u1ec7nh, \u0111\u1eb7c bi\u1ec7t l\u00e0 vi khu\u1ea9n, virus si\u00eau vi.<\/span><\/li>\n<li><span style=\"font-size: 17.6px;\">T\u0103ng c\u01b0\u1eddng kh\u1ea3 n\u0103ng h\u1ea5p thu d\u01b0\u1ee1ng ch\u1ea5t c\u1ee7a c\u01a1 th\u1ec3, c\u1ea3i thi\u1ec7n h\u1ec7 ti\u00eau h\u00f3a, \u0111\u1eb7c bi\u1ec7t l\u00e0 t\u00ecnh tr\u1ea1ng bi\u1ebfng \u0103n \u1edf tr\u1ebb em c\u00f2i c\u1ecdc, suy dinh d\u01b0\u1ee1ng.<\/span><\/li>\n<li><span style=\"font-size: 17.6px;\">C\u1ea3i thi\u1ec7n c\u00e1c t\u00ecnh tr\u1ea1ng vi\u00eam nhi\u1ec5m, nhi\u1ec5m tr\u00f9ng nh\u01b0 nhi\u1ec5m tr\u00f9ng \u0111\u01b0\u1eddng ti\u1ebft ni\u1ec7u, \u0111i ti\u1ec3u v\u00e0ng, s\u01b0ng \u0111au m\u1eaft, vi\u00eam n\u01b0\u1edbu r\u0103ng,\u2026<\/span><\/li>\n<li><span style=\"font-size: 17.6px;\">M\u00e1t gan, thanh nhi\u1ec7t, gi\u00fap c\u01a1 th\u1ec3 \u0111\u00e0o th\u1ea3i \u0111\u1ed9c t\u1ed1 d\u1ec5 d\u00e0ng v\u00e0 hi\u1ec7u qu\u1ea3.<\/span><\/li>\n<li><span style=\"font-size: 17.6px;\">Ph\u00f2ng ng\u1eeba l\u00e3o h\u00f3a, da c\u0103ng m\u1ecbn, t\u01b0\u01a1i tr\u1ebb.<\/span><\/li>\n<\/ul>\n<div><br><\/div>\n<div><span style=\"font-size: 17.6px;\">V\u1edbi t\u1ea5t c\u1ea3 nh\u1eefng chia s\u1ebb tr\u00ean, ch\u1eafc h\u1eb3n b\u1ea1n \u0111\u00e3 bi\u1ebft c\u00e1ch ch\u1ebf bi\u1ebfn y\u1ebfn ch\u01b0ng l\u00ea v\u00e0 s\u1eed d\u1ee5ng sao cho hi\u1ec7u qu\u1ea3. Ch\u00fac c\u00e1c b\u1ea1n th\u00e0nh c\u00f4ng v\u1edbi m\u00f3n \u0103n n\u00e0y v\u00e0 c\u00f3 th\u00eam m\u1ed9t b\u00e0i thu\u1ed1c tr\u1ecb ho an to\u00e0n, hi\u1ec7u qu\u1ea3 gia \u0111\u00ecnh v\u00e0 ng\u01b0\u1eddi th\u00e2n, b\u1ea1n b\u00e8<\/span><br><\/div>\n<\/div>\n<\/div>\t\t\t\t\t\t<\/div>\n\t\t\t\t<\/div>\n\t\t\t\t\t<\/div>\n\t\t<\/div>\n\t\t\t\t\t\t\t<\/div>\n\t\t<\/section>\n\t\t\t\t\t\t\t<\/div>\n\t\t","protected":false},"excerpt":{"rendered":"<p>https:\/\/yensaonhannghia.com\/wp-content\/uploads\/1693147473145.mp4 1.&nbsp;&nbsp;V\u00ec&nbsp;sao y\u1ebfn ch\u01b0ng l\u00ea c\u00f3 t\u00e1c d\u1ee5ng h\u1ed7 tr\u1ee3 tr\u1ecb ho? Trong \u0110\u00f4ng y, y\u1ebfn s\u00e0o \u0111\u01b0\u1ee3c bi\u1ebft \u0111\u1ebfn v\u1edbi c\u00f4ng d\u1ee5ng l\u00e0m s\u1ea1ch ph\u1ed5i, c\u1ea3i thi\u1ec7n c\u00e1c ch\u1ee9c n\u0103ng c\u1ee7a ph\u1ed5i. Ngo\u00e0i ra, c\u00f2n t\u0103ng c\u01b0\u1eddng h\u1ec7 th\u1ed1ng mi\u1ec5n d\u1ecbch, ch\u1ed1ng l\u1ea1i c\u00e1c t\u00e1c nh\u00e2n g\u00e2y b\u1ec7nh nh\u01b0 vi khu\u1ea9n, virus,\u2026&nbsp; C\u00f2n theo [&hellip;]<\/p>\n","protected":false},"author":1,"featured_media":0,"parent":0,"menu_order":0,"comment_status":"closed","ping_status":"closed","template":"","meta":{"footnotes":""},"class_list":["post-890","page","type-page","status-publish","hentry"],"yoast_head":"<!-- This site is optimized with the Yoast SEO plugin v21.6 - https:\/\/yoast.com\/wordpress\/plugins\/seo\/ -->\n<title>C\u00c1CH L\u00c0M Y\u1ebeN CH\u01afNG QU\u1ea2 L\u00ca TH\u01a0M NGON, H\u1ed4 TR\u1ee2 TR\u1eca HO - Y\u1ebeN S\u00c0O NH\u00c2N NGH\u0128A<\/title>\n<meta name=\"robots\" content=\"index, follow, max-snippet:-1, max-image-preview:large, max-video-preview:-1\" \/>\n<link rel=\"canonical\" href=\"https:\/\/yensaonhannghia.com\/index.php\/cach-lam-yen-chung-qua-le-thom-ngon-ho-tro-tri-ho\/\" \/>\n<meta property=\"og:locale\" content=\"vi_VN\" \/>\n<meta property=\"og:type\" content=\"article\" \/>\n<meta property=\"og:title\" content=\"C\u00c1CH L\u00c0M Y\u1ebeN CH\u01afNG QU\u1ea2 L\u00ca TH\u01a0M NGON, H\u1ed4 TR\u1ee2 TR\u1eca HO - Y\u1ebeN S\u00c0O NH\u00c2N NGH\u0128A\" \/>\n<meta property=\"og:description\" content=\"https:\/\/yensaonhannghia.com\/wp-content\/uploads\/1693147473145.mp4 1.&nbsp;&nbsp;V\u00ec&nbsp;sao y\u1ebfn ch\u01b0ng l\u00ea c\u00f3 t\u00e1c d\u1ee5ng h\u1ed7 tr\u1ee3 tr\u1ecb ho? Trong \u0110\u00f4ng y, y\u1ebfn s\u00e0o \u0111\u01b0\u1ee3c bi\u1ebft \u0111\u1ebfn v\u1edbi c\u00f4ng d\u1ee5ng l\u00e0m s\u1ea1ch ph\u1ed5i, c\u1ea3i thi\u1ec7n c\u00e1c ch\u1ee9c n\u0103ng c\u1ee7a ph\u1ed5i. Ngo\u00e0i ra, c\u00f2n t\u0103ng c\u01b0\u1eddng h\u1ec7 th\u1ed1ng mi\u1ec5n d\u1ecbch, ch\u1ed1ng l\u1ea1i c\u00e1c t\u00e1c nh\u00e2n g\u00e2y b\u1ec7nh nh\u01b0 vi khu\u1ea9n, virus,\u2026&nbsp; C\u00f2n theo [&hellip;]\" \/>\n<meta property=\"og:url\" content=\"https:\/\/yensaonhannghia.com\/index.php\/cach-lam-yen-chung-qua-le-thom-ngon-ho-tro-tri-ho\/\" \/>\n<meta property=\"og:site_name\" content=\"Y\u1ebeN S\u00c0O NH\u00c2N NGH\u0128A\" \/>\n<meta property=\"article:modified_time\" content=\"2023-11-21T04:06:16+00:00\" \/>\n<meta name=\"twitter:card\" content=\"summary_large_image\" \/>\n<meta name=\"twitter:label1\" content=\"\u01af\u1edbc t\u00ednh th\u1eddi gian \u0111\u1ecdc\" \/>\n\t<meta name=\"twitter:data1\" content=\"4 ph\u00fat\" \/>\n<script type=\"application\/ld+json\" class=\"yoast-schema-graph\">{\"@context\":\"https:\/\/schema.org\",\"@graph\":[{\"@type\":\"WebPage\",\"@id\":\"https:\/\/yensaonhannghia.com\/index.php\/cach-lam-yen-chung-qua-le-thom-ngon-ho-tro-tri-ho\/\",\"url\":\"https:\/\/yensaonhannghia.com\/index.php\/cach-lam-yen-chung-qua-le-thom-ngon-ho-tro-tri-ho\/\",\"name\":\"C\u00c1CH L\u00c0M Y\u1ebeN CH\u01afNG QU\u1ea2 L\u00ca TH\u01a0M NGON, H\u1ed4 TR\u1ee2 TR\u1eca HO - Y\u1ebeN S\u00c0O NH\u00c2N NGH\u0128A\",\"isPartOf\":{\"@id\":\"https:\/\/yensaonhannghia.com\/#website\"},\"datePublished\":\"2023-10-10T04:17:45+00:00\",\"dateModified\":\"2023-11-21T04:06:16+00:00\",\"breadcrumb\":{\"@id\":\"https:\/\/yensaonhannghia.com\/index.php\/cach-lam-yen-chung-qua-le-thom-ngon-ho-tro-tri-ho\/#breadcrumb\"},\"inLanguage\":\"vi\",\"potentialAction\":[{\"@type\":\"ReadAction\",\"target\":[\"https:\/\/yensaonhannghia.com\/index.php\/cach-lam-yen-chung-qua-le-thom-ngon-ho-tro-tri-ho\/\"]}]},{\"@type\":\"BreadcrumbList\",\"@id\":\"https:\/\/yensaonhannghia.com\/index.php\/cach-lam-yen-chung-qua-le-thom-ngon-ho-tro-tri-ho\/#breadcrumb\",\"itemListElement\":[{\"@type\":\"ListItem\",\"position\":1,\"name\":\"Trang ch\u1ee7\",\"item\":\"https:\/\/yensaonhannghia.com\/\"},{\"@type\":\"ListItem\",\"position\":2,\"name\":\"C\u00c1CH L\u00c0M Y\u1ebeN CH\u01afNG QU\u1ea2 L\u00ca TH\u01a0M NGON, H\u1ed4 TR\u1ee2 TR\u1eca HO\"}]},{\"@type\":\"WebSite\",\"@id\":\"https:\/\/yensaonhannghia.com\/#website\",\"url\":\"https:\/\/yensaonhannghia.com\/\",\"name\":\"Y\u1ebeN S\u00c0O NH\u00c2N NGH\u0128A\",\"description\":\"Y\u1ebfn S\u00e0o Nh\u00e2n Ngh\u0129a\",\"publisher\":{\"@id\":\"https:\/\/yensaonhannghia.com\/#organization\"},\"potentialAction\":[{\"@type\":\"SearchAction\",\"target\":{\"@type\":\"EntryPoint\",\"urlTemplate\":\"https:\/\/yensaonhannghia.com\/?s={search_term_string}\"},\"query-input\":\"required name=search_term_string\"}],\"inLanguage\":\"vi\"},{\"@type\":\"Organization\",\"@id\":\"https:\/\/yensaonhannghia.com\/#organization\",\"name\":\"Y\u1ebeN S\u00c0O NH\u00c2N NGH\u0128A\",\"url\":\"https:\/\/yensaonhannghia.com\/\",\"logo\":{\"@type\":\"ImageObject\",\"inLanguage\":\"vi\",\"@id\":\"https:\/\/yensaonhannghia.com\/#\/schema\/logo\/image\/\",\"url\":\"https:\/\/yensaonhannghia.com\/wp-content\/uploads\/383231099_871648821188769_7377963593789884731_n.jpeg\",\"contentUrl\":\"https:\/\/yensaonhannghia.com\/wp-content\/uploads\/383231099_871648821188769_7377963593789884731_n.jpeg\",\"width\":591,\"height\":591,\"caption\":\"Y\u1ebeN S\u00c0O NH\u00c2N NGH\u0128A\"},\"image\":{\"@id\":\"https:\/\/yensaonhannghia.com\/#\/schema\/logo\/image\/\"}}]}<\/script>\n<!-- \/ Yoast SEO plugin. -->","yoast_head_json":{"title":"C\u00c1CH L\u00c0M Y\u1ebeN CH\u01afNG QU\u1ea2 L\u00ca TH\u01a0M NGON, H\u1ed4 TR\u1ee2 TR\u1eca HO - Y\u1ebeN S\u00c0O NH\u00c2N NGH\u0128A","robots":{"index":"index","follow":"follow","max-snippet":"max-snippet:-1","max-image-preview":"max-image-preview:large","max-video-preview":"max-video-preview:-1"},"canonical":"https:\/\/yensaonhannghia.com\/index.php\/cach-lam-yen-chung-qua-le-thom-ngon-ho-tro-tri-ho\/","og_locale":"vi_VN","og_type":"article","og_title":"C\u00c1CH L\u00c0M Y\u1ebeN CH\u01afNG QU\u1ea2 L\u00ca TH\u01a0M NGON, H\u1ed4 TR\u1ee2 TR\u1eca HO - Y\u1ebeN S\u00c0O NH\u00c2N NGH\u0128A","og_description":"https:\/\/yensaonhannghia.com\/wp-content\/uploads\/1693147473145.mp4 1.&nbsp;&nbsp;V\u00ec&nbsp;sao y\u1ebfn ch\u01b0ng l\u00ea c\u00f3 t\u00e1c d\u1ee5ng h\u1ed7 tr\u1ee3 tr\u1ecb ho? Trong \u0110\u00f4ng y, y\u1ebfn s\u00e0o \u0111\u01b0\u1ee3c bi\u1ebft \u0111\u1ebfn v\u1edbi c\u00f4ng d\u1ee5ng l\u00e0m s\u1ea1ch ph\u1ed5i, c\u1ea3i thi\u1ec7n c\u00e1c ch\u1ee9c n\u0103ng c\u1ee7a ph\u1ed5i. Ngo\u00e0i ra, c\u00f2n t\u0103ng c\u01b0\u1eddng h\u1ec7 th\u1ed1ng mi\u1ec5n d\u1ecbch, ch\u1ed1ng l\u1ea1i c\u00e1c t\u00e1c nh\u00e2n g\u00e2y b\u1ec7nh nh\u01b0 vi khu\u1ea9n, virus,\u2026&nbsp; C\u00f2n theo [&hellip;]","og_url":"https:\/\/yensaonhannghia.com\/index.php\/cach-lam-yen-chung-qua-le-thom-ngon-ho-tro-tri-ho\/","og_site_name":"Y\u1ebeN S\u00c0O NH\u00c2N NGH\u0128A","article_modified_time":"2023-11-21T04:06:16+00:00","twitter_card":"summary_large_image","twitter_misc":{"\u01af\u1edbc t\u00ednh th\u1eddi gian \u0111\u1ecdc":"4 ph\u00fat"},"schema":{"@context":"https:\/\/schema.org","@graph":[{"@type":"WebPage","@id":"https:\/\/yensaonhannghia.com\/index.php\/cach-lam-yen-chung-qua-le-thom-ngon-ho-tro-tri-ho\/","url":"https:\/\/yensaonhannghia.com\/index.php\/cach-lam-yen-chung-qua-le-thom-ngon-ho-tro-tri-ho\/","name":"C\u00c1CH L\u00c0M Y\u1ebeN CH\u01afNG QU\u1ea2 L\u00ca TH\u01a0M NGON, H\u1ed4 TR\u1ee2 TR\u1eca HO - Y\u1ebeN S\u00c0O NH\u00c2N NGH\u0128A","isPartOf":{"@id":"https:\/\/yensaonhannghia.com\/#website"},"datePublished":"2023-10-10T04:17:45+00:00","dateModified":"2023-11-21T04:06:16+00:00","breadcrumb":{"@id":"https:\/\/yensaonhannghia.com\/index.php\/cach-lam-yen-chung-qua-le-thom-ngon-ho-tro-tri-ho\/#breadcrumb"},"inLanguage":"vi","potentialAction":[{"@type":"ReadAction","target":["https:\/\/yensaonhannghia.com\/index.php\/cach-lam-yen-chung-qua-le-thom-ngon-ho-tro-tri-ho\/"]}]},{"@type":"BreadcrumbList","@id":"https:\/\/yensaonhannghia.com\/index.php\/cach-lam-yen-chung-qua-le-thom-ngon-ho-tro-tri-ho\/#breadcrumb","itemListElement":[{"@type":"ListItem","position":1,"name":"Trang ch\u1ee7","item":"https:\/\/yensaonhannghia.com\/"},{"@type":"ListItem","position":2,"name":"C\u00c1CH L\u00c0M Y\u1ebeN CH\u01afNG QU\u1ea2 L\u00ca TH\u01a0M NGON, H\u1ed4 TR\u1ee2 TR\u1eca HO"}]},{"@type":"WebSite","@id":"https:\/\/yensaonhannghia.com\/#website","url":"https:\/\/yensaonhannghia.com\/","name":"Y\u1ebeN S\u00c0O NH\u00c2N NGH\u0128A","description":"Y\u1ebfn S\u00e0o Nh\u00e2n Ngh\u0129a","publisher":{"@id":"https:\/\/yensaonhannghia.com\/#organization"},"potentialAction":[{"@type":"SearchAction","target":{"@type":"EntryPoint","urlTemplate":"https:\/\/yensaonhannghia.com\/?s={search_term_string}"},"query-input":"required name=search_term_string"}],"inLanguage":"vi"},{"@type":"Organization","@id":"https:\/\/yensaonhannghia.com\/#organization","name":"Y\u1ebeN S\u00c0O NH\u00c2N NGH\u0128A","url":"https:\/\/yensaonhannghia.com\/","logo":{"@type":"ImageObject","inLanguage":"vi","@id":"https:\/\/yensaonhannghia.com\/#\/schema\/logo\/image\/","url":"https:\/\/yensaonhannghia.com\/wp-content\/uploads\/383231099_871648821188769_7377963593789884731_n.jpeg","contentUrl":"https:\/\/yensaonhannghia.com\/wp-content\/uploads\/383231099_871648821188769_7377963593789884731_n.jpeg","width":591,"height":591,"caption":"Y\u1ebeN S\u00c0O NH\u00c2N NGH\u0128A"},"image":{"@id":"https:\/\/yensaonhannghia.com\/#\/schema\/logo\/image\/"}}]}},"jetpack_sharing_enabled":true,"_links":{"self":[{"href":"https:\/\/yensaonhannghia.com\/index.php\/wp-json\/wp\/v2\/pages\/890","targetHints":{"allow":["GET"]}}],"collection":[{"href":"https:\/\/yensaonhannghia.com\/index.php\/wp-json\/wp\/v2\/pages"}],"about":[{"href":"https:\/\/yensaonhannghia.com\/index.php\/wp-json\/wp\/v2\/types\/page"}],"author":[{"embeddable":true,"href":"https:\/\/yensaonhannghia.com\/index.php\/wp-json\/wp\/v2\/users\/1"}],"replies":[{"embeddable":true,"href":"https:\/\/yensaonhannghia.com\/index.php\/wp-json\/wp\/v2\/comments?post=890"}],"version-history":[{"count":13,"href":"https:\/\/yensaonhannghia.com\/index.php\/wp-json\/wp\/v2\/pages\/890\/revisions"}],"predecessor-version":[{"id":1025,"href":"https:\/\/yensaonhannghia.com\/index.php\/wp-json\/wp\/v2\/pages\/890\/revisions\/1025"}],"wp:attachment":[{"href":"https:\/\/yensaonhannghia.com\/index.php\/wp-json\/wp\/v2\/media?parent=890"}],"curies":[{"name":"wp","href":"https:\/\/api.w.org\/{rel}","templated":true}]}}