{"id":901,"date":"2023-10-10T04:32:30","date_gmt":"2023-10-10T04:32:30","guid":{"rendered":"https:\/\/yensaonhannghia.com\/?page_id=901"},"modified":"2024-08-09T02:19:19","modified_gmt":"2024-08-09T02:19:19","slug":"hanh-trinh-5-nam-khang-dinh-niem-tin","status":"publish","type":"page","link":"https:\/\/yensaonhannghia.com\/index.php\/hanh-trinh-5-nam-khang-dinh-niem-tin\/","title":{"rendered":"H\u00c0NH TR\u00ccNH 6 N\u0102M KH\u1eb2NG \u0110\u1ecaNH NI\u1ec0M TIN"},"content":{"rendered":"\t\t<div data-elementor-type=\"wp-page\" data-elementor-id=\"901\" class=\"elementor elementor-901\">\n\t\t\t\t\t\t\t\t\t<section class=\"elementor-section elementor-top-section elementor-element elementor-element-a759c5d elementor-section-boxed elementor-section-height-default elementor-section-height-default\" data-id=\"a759c5d\" data-element_type=\"section\">\n\t\t\t\t\t\t<div class=\"elementor-container elementor-column-gap-default\">\n\t\t\t\t\t<div class=\"elementor-column elementor-col-100 elementor-top-column elementor-element elementor-element-b8d1360\" data-id=\"b8d1360\" data-element_type=\"column\">\n\t\t\t<div class=\"elementor-widget-wrap elementor-element-populated\">\n\t\t\t\t\t\t\t\t<div class=\"elementor-element elementor-element-c376a26 elementor-widget elementor-widget-text-editor\" data-id=\"c376a26\" data-element_type=\"widget\" data-widget_type=\"text-editor.default\">\n\t\t\t\t<div class=\"elementor-widget-container\">\n\t\t\t<style>\/*! elementor - v3.18.0 - 06-12-2023 *\/\n.elementor-widget-text-editor.elementor-drop-cap-view-stacked .elementor-drop-cap{background-color:#69727d;color:#fff}.elementor-widget-text-editor.elementor-drop-cap-view-framed .elementor-drop-cap{color:#69727d;border:3px solid;background-color:transparent}.elementor-widget-text-editor:not(.elementor-drop-cap-view-default) .elementor-drop-cap{margin-top:8px}.elementor-widget-text-editor:not(.elementor-drop-cap-view-default) .elementor-drop-cap-letter{width:1em;height:1em}.elementor-widget-text-editor .elementor-drop-cap{float:left;text-align:center;line-height:1;font-size:50px}.elementor-widget-text-editor .elementor-drop-cap-letter{display:inline-block}<\/style>\t\t\t\t<p><span style=\"font-size: 17.6px;\">Trong su\u1ed1t 6 n\u0103m ho\u1ea1t \u0111\u1ed9ng tr\u00ean th\u1ecb tr\u01b0\u1eddng, Y\u1ebfn S\u00e0o Nh\u00e2n Ngh\u0129a \u0111\u00e3 v\u01b0\u1ee3t qua nhi\u1ec1u th\u00e1ch th\u1ee9c v\u00e0 kh\u1eb3ng \u0111\u1ecbnh \u0111\u01b0\u1ee3c v\u1ecb th\u1ebf l\u00e0 m\u1ed9t trong nh\u1eefng th\u01b0\u01a1ng hi\u1ec7u uy t\u00edn v\u00e0 tin c\u1eady trong l\u0129nh v\u1ef1c y\u1ebfn s\u00e0o t\u1ea1i Vi\u1ec7t Nam. V\u1edbi cam k\u1ebft mang \u0111\u1ebfn s\u1ef1 ho\u00e0n h\u1ea3o v\u00e0 s\u1ef1 t\u1eadn t\u00e2m trong t\u1eebng s\u1ea3n ph\u1ea9m, nh\u00e3n hi\u1ec7u \u0111\u00e3 nh\u1eadn \u0111\u01b0\u1ee3c l\u00f2ng tin v\u00e0 s\u1ef1 l\u1ef1a ch\u1ecdn c\u1ee7a nhi\u1ec1u ng\u01b0\u1eddi ti\u00eau d\u00f9ng.<\/span><\/p>\n<p><span style=\"font-size: 17.6px;\">S\u1ee9 m\u1ec7nh c\u1ee7a Y\u1ebfn S\u00e0o Nh\u00e2n Ngh\u0129a kh\u00f4ng ch\u1ec9 \u0111\u01a1n thu\u1ea7n l\u00e0 s\u1ea3n xu\u1ea5t v\u00e0 cung c\u1ea5p y\u1ebfn s\u00e0o ch\u1ea5t l\u01b0\u1ee3ng cao, m\u00e0 c\u00f2n l\u00e0 truy\u1ec1n t\u1ea3i nh\u1eefng gi\u00e1 tr\u1ecb v\u0103n h\u00f3a v\u00e0 tinh th\u1ea7n t\u1eeb t\u00e2m trong t\u1eebng s\u1ea3n ph\u1ea9m. \u0110\u1ed9i ng\u0169 chuy\u00ean gia chuy\u00ean nghi\u1ec7p v\u00e0 gi\u00e0u kinh nghi\u1ec7m c\u1ee7a nh\u00e3n hi\u1ec7u lu\u00f4n \u0111\u1eb7t s\u1ef1 h\u00e0i l\u00f2ng v\u00e0 s\u1ee9c kh\u1ecfe c\u1ee7a kh\u00e1ch h\u00e0ng l\u00ean h\u00e0ng \u0111\u1ea7u, t\u1eeb \u0111\u00f3 t\u1ea1o ra nh\u1eefng s\u1ea3n ph\u1ea9m y\u1ebfn s\u00e0o \u0111\u00e1p \u1ee9ng \u0111\u01b0\u1ee3c m\u1ecdi nhu c\u1ea7u v\u00e0 mong \u0111\u1ee3i.<\/span><\/p>\n<p><span style=\"font-size: 17.6px;\">Ch\u1ea5t l\u01b0\u1ee3ng s\u1ea3n ph\u1ea9m lu\u00f4n l\u00e0 tr\u1ecdng t\u00e2m trong m\u1ecdi quy tr\u00ecnh s\u1ea3n xu\u1ea5t c\u1ee7a Y\u1ebfn S\u00e0o Nh\u00e2n Ngh\u0129a. T\u1eeb vi\u1ec7c l\u1ef1a ch\u1ecdn nguy\u00ean li\u1ec7u t\u01b0\u01a1i ngon v\u00e0 ch\u1ea5t l\u01b0\u1ee3ng, \u0111\u1ebfn qu\u00e1 tr\u00ecnh ch\u1ebf bi\u1ebfn v\u00e0 \u0111\u00f3ng g\u00f3i, \u0111\u1ec1u \u0111\u01b0\u1ee3c th\u1ef1c hi\u1ec7n v\u1edbi s\u1ef1 c\u1ea9n th\u1eadn v\u00e0 t\u1ec9 m\u1ec9. M\u1ed7i s\u1ee3i y\u1ebfn s\u00e0o \u0111\u1ec1u mang \u0111\u1ebfn \u0111\u1ea7y \u0111\u1ee7 dinh d\u01b0\u1ee1ng v\u00e0 h\u01b0\u01a1ng v\u1ecb t\u1ef1 nhi\u00ean, \u0111\u1ea3m b\u1ea3o an to\u00e0n cho s\u1ee9c kh\u1ecfe c\u1ee7a ng\u01b0\u1eddi s\u1eed d\u1ee5ng.<\/span><\/p>\n<p><span style=\"font-size: 17.6px;\">B\u00ean c\u1ea1nh ch\u1ea5t l\u01b0\u1ee3ng s\u1ea3n ph\u1ea9m, Y\u1ebfn S\u00e0o Nh\u00e2n Ngh\u0129a c\u00f2n \u0111\u1eb7c bi\u1ec7t ch\u00fa tr\u1ecdng \u0111\u1ebfn vi\u1ec7c thi\u1ebft k\u1ebf bao b\u00ec \u0111\u1eb9p m\u1eaft v\u00e0 b\u1eaft m\u1eaft. M\u1ed7i s\u1ea3n ph\u1ea9m y\u1ebfn s\u00e0o \u0111\u01b0\u1ee3c \u0111\u00f3ng g\u00f3i m\u1ed9t c\u00e1ch tinh t\u1ebf v\u00e0 sang tr\u1ecdng, t\u1ea1o n\u00ean s\u1ef1 \u0111\u1eb3ng c\u1ea5p v\u00e0 tinh th\u1ea7n chuy\u00ean nghi\u1ec7p c\u1ee7a nh\u00e3n hi\u1ec7u. \u0110i\u1ec1u n\u00e0y kh\u00f4ng ch\u1ec9 t\u1ea1o \u1ea5n t\u01b0\u1ee3ng \u0111\u1ea7u ti\u00ean m\u1ea1nh m\u1ebd v\u1edbi kh\u00e1ch h\u00e0ng m\u00e0 c\u00f2n th\u1ec3 hi\u1ec7n s\u1ef1 t\u00f4n tr\u1ecdng v\u00e0 quan t\u00e2m c\u1ee7a Y\u1ebfn S\u00e0o Nh\u00e2n Ngh\u0129a \u0111\u1ebfn t\u1eebng chi ti\u1ebft.<\/span><\/p>\n<p><span style=\"font-size: 17.6px;\">V\u1edbi s\u1ee9 m\u1ec7nh t\u1ea1o ra nh\u1eefng s\u1ea3n ph\u1ea9m y\u1ebfn s\u00e0o ch\u1ea5t l\u01b0\u1ee3ng v\u00e0 tinh t\u1ebf, Y\u1ebfn S\u00e0o Nh\u00e2n Ngh\u0129a \u0111\u00e3 v\u00e0 \u0111ang ghi d\u1ea5u \u1ea5n trong l\u00f2ng kh\u00e1ch h\u00e0ng. Ni\u1ec1m tin v\u00e0 s\u1ef1 l\u1ef1a ch\u1ecdn t\u1eeb ng\u01b0\u1eddi ti\u00eau d\u00f9ng l\u00e0 \u0111\u1ed9ng l\u1ef1c v\u00e0 \u0111\u00e1nh d\u1ea5u m\u1ed9t ch\u1eb7ng \u0111\u01b0\u1eddng th\u00e0nh c\u00f4ng kh\u00f4ng ng\u1eebng ph\u00e1t tri\u1ec3n c\u1ee7a nh\u00e3n hi\u1ec7u. Y\u1ebfn S\u00e0o Nh\u00e2n Ngh\u0129a t\u1ef1 h\u00e0o l\u00e0 \u0111\u1ed1i t\u00e1c tin c\u1eady c\u1ee7a h\u00e0ng ngh\u00ecn gia \u0111\u00ecnh v\u00e0 doanh nghi\u1ec7p tr\u00ean kh\u1eafp c\u1ea3 n\u01b0\u1edbc.<\/span><\/p>\n<p><span style=\"font-size: 17.6px;\">V\u1edbi h\u00e0nh tr\u00ecnh 6 n\u0103m \u0111\u1ea7y s\u1ef1 y\u00eau m\u1ebfn v\u00e0 tin t\u01b0\u1edfng, Y\u1ebfn S\u00e0o Nh\u00e2n Ngh\u0129a h\u1ee9a h\u1eb9n s\u1ebd ti\u1ebfp t\u1ee5c mang \u0111\u1ebfn nh\u1eefng s\u1ea3n ph\u1ea9m y\u1ebfn s\u00e0o ch\u1ea5t l\u01b0\u1ee3ng, tinh t\u1ebf v\u00e0 t\u1eeb t\u00e2m cho m\u1ecdi ng\u01b0\u1eddi. S\u1ee9 m\u1ec7nh lan t\u1ecfa tinh th\u1ea7n y\u00eau thi\u00ean nhi\u00ean v\u00e0 t\u00f4n vinh gi\u00e1 tr\u1ecb v\u0103n h\u00f3a trong t\u1eebng s\u1ea3n ph\u1ea9m s\u1ebd ti\u1ebfp t\u1ee5c \u0111\u01b0\u1ee3c truy\u1ec1n t\u1ea3i v\u00e0 lan t\u1ecfa r\u1ed9ng r\u00e3i \u0111\u1ebfn m\u1ecdi ng\u01b0\u1eddi!<\/span><\/p>\t\t\t\t\t\t<\/div>\n\t\t\t\t<\/div>\n\t\t\t\t\t<\/div>\n\t\t<\/div>\n\t\t\t\t\t\t\t<\/div>\n\t\t<\/section>\n\t\t\t\t\t\t\t<\/div>\n\t\t","protected":false},"excerpt":{"rendered":"<p>Trong su\u1ed1t 6 n\u0103m ho\u1ea1t \u0111\u1ed9ng tr\u00ean th\u1ecb tr\u01b0\u1eddng, Y\u1ebfn S\u00e0o Nh\u00e2n Ngh\u0129a \u0111\u00e3 v\u01b0\u1ee3t qua nhi\u1ec1u th\u00e1ch th\u1ee9c v\u00e0 kh\u1eb3ng \u0111\u1ecbnh \u0111\u01b0\u1ee3c v\u1ecb th\u1ebf l\u00e0 m\u1ed9t trong nh\u1eefng th\u01b0\u01a1ng hi\u1ec7u uy t\u00edn v\u00e0 tin c\u1eady trong l\u0129nh v\u1ef1c y\u1ebfn s\u00e0o t\u1ea1i Vi\u1ec7t Nam. V\u1edbi cam k\u1ebft mang \u0111\u1ebfn s\u1ef1 ho\u00e0n h\u1ea3o v\u00e0 s\u1ef1 t\u1eadn [&hellip;]<\/p>\n","protected":false},"author":1,"featured_media":0,"parent":0,"menu_order":0,"comment_status":"closed","ping_status":"closed","template":"","meta":{"footnotes":""},"class_list":["post-901","page","type-page","status-publish","hentry"],"yoast_head":"<!-- This site is optimized with the Yoast SEO plugin v21.6 - https:\/\/yoast.com\/wordpress\/plugins\/seo\/ -->\n<title>H\u00c0NH TR\u00ccNH 6 N\u0102M KH\u1eb2NG \u0110\u1ecaNH NI\u1ec0M TIN - Y\u1ebeN S\u00c0O NH\u00c2N NGH\u0128A<\/title>\n<meta name=\"robots\" content=\"index, follow, max-snippet:-1, max-image-preview:large, max-video-preview:-1\" \/>\n<link rel=\"canonical\" href=\"https:\/\/yensaonhannghia.com\/index.php\/hanh-trinh-5-nam-khang-dinh-niem-tin\/\" \/>\n<meta property=\"og:locale\" content=\"vi_VN\" \/>\n<meta property=\"og:type\" content=\"article\" \/>\n<meta property=\"og:title\" content=\"H\u00c0NH TR\u00ccNH 6 N\u0102M KH\u1eb2NG \u0110\u1ecaNH NI\u1ec0M TIN - Y\u1ebeN S\u00c0O NH\u00c2N NGH\u0128A\" \/>\n<meta property=\"og:description\" content=\"Trong su\u1ed1t 6 n\u0103m ho\u1ea1t \u0111\u1ed9ng tr\u00ean th\u1ecb tr\u01b0\u1eddng, Y\u1ebfn S\u00e0o Nh\u00e2n Ngh\u0129a \u0111\u00e3 v\u01b0\u1ee3t qua nhi\u1ec1u th\u00e1ch th\u1ee9c v\u00e0 kh\u1eb3ng \u0111\u1ecbnh \u0111\u01b0\u1ee3c v\u1ecb th\u1ebf l\u00e0 m\u1ed9t trong nh\u1eefng th\u01b0\u01a1ng hi\u1ec7u uy t\u00edn v\u00e0 tin c\u1eady trong l\u0129nh v\u1ef1c y\u1ebfn s\u00e0o t\u1ea1i Vi\u1ec7t Nam. V\u1edbi cam k\u1ebft mang \u0111\u1ebfn s\u1ef1 ho\u00e0n h\u1ea3o v\u00e0 s\u1ef1 t\u1eadn [&hellip;]\" \/>\n<meta property=\"og:url\" content=\"https:\/\/yensaonhannghia.com\/index.php\/hanh-trinh-5-nam-khang-dinh-niem-tin\/\" \/>\n<meta property=\"og:site_name\" content=\"Y\u1ebeN S\u00c0O NH\u00c2N NGH\u0128A\" \/>\n<meta property=\"article:modified_time\" content=\"2024-08-09T02:19:19+00:00\" \/>\n<meta name=\"twitter:card\" content=\"summary_large_image\" \/>\n<meta name=\"twitter:label1\" content=\"\u01af\u1edbc t\u00ednh th\u1eddi gian \u0111\u1ecdc\" \/>\n\t<meta name=\"twitter:data1\" content=\"3 ph\u00fat\" \/>\n<script type=\"application\/ld+json\" class=\"yoast-schema-graph\">{\"@context\":\"https:\/\/schema.org\",\"@graph\":[{\"@type\":\"WebPage\",\"@id\":\"https:\/\/yensaonhannghia.com\/index.php\/hanh-trinh-5-nam-khang-dinh-niem-tin\/\",\"url\":\"https:\/\/yensaonhannghia.com\/index.php\/hanh-trinh-5-nam-khang-dinh-niem-tin\/\",\"name\":\"H\u00c0NH TR\u00ccNH 6 N\u0102M KH\u1eb2NG \u0110\u1ecaNH NI\u1ec0M TIN - Y\u1ebeN S\u00c0O NH\u00c2N NGH\u0128A\",\"isPartOf\":{\"@id\":\"https:\/\/yensaonhannghia.com\/#website\"},\"datePublished\":\"2023-10-10T04:32:30+00:00\",\"dateModified\":\"2024-08-09T02:19:19+00:00\",\"breadcrumb\":{\"@id\":\"https:\/\/yensaonhannghia.com\/index.php\/hanh-trinh-5-nam-khang-dinh-niem-tin\/#breadcrumb\"},\"inLanguage\":\"vi\",\"potentialAction\":[{\"@type\":\"ReadAction\",\"target\":[\"https:\/\/yensaonhannghia.com\/index.php\/hanh-trinh-5-nam-khang-dinh-niem-tin\/\"]}]},{\"@type\":\"BreadcrumbList\",\"@id\":\"https:\/\/yensaonhannghia.com\/index.php\/hanh-trinh-5-nam-khang-dinh-niem-tin\/#breadcrumb\",\"itemListElement\":[{\"@type\":\"ListItem\",\"position\":1,\"name\":\"Trang ch\u1ee7\",\"item\":\"https:\/\/yensaonhannghia.com\/\"},{\"@type\":\"ListItem\",\"position\":2,\"name\":\"H\u00c0NH TR\u00ccNH 6 N\u0102M KH\u1eb2NG \u0110\u1ecaNH NI\u1ec0M TIN\"}]},{\"@type\":\"WebSite\",\"@id\":\"https:\/\/yensaonhannghia.com\/#website\",\"url\":\"https:\/\/yensaonhannghia.com\/\",\"name\":\"Y\u1ebeN S\u00c0O NH\u00c2N NGH\u0128A\",\"description\":\"Y\u1ebfn S\u00e0o Nh\u00e2n Ngh\u0129a\",\"publisher\":{\"@id\":\"https:\/\/yensaonhannghia.com\/#organization\"},\"potentialAction\":[{\"@type\":\"SearchAction\",\"target\":{\"@type\":\"EntryPoint\",\"urlTemplate\":\"https:\/\/yensaonhannghia.com\/?s={search_term_string}\"},\"query-input\":\"required name=search_term_string\"}],\"inLanguage\":\"vi\"},{\"@type\":\"Organization\",\"@id\":\"https:\/\/yensaonhannghia.com\/#organization\",\"name\":\"Y\u1ebeN S\u00c0O NH\u00c2N NGH\u0128A\",\"url\":\"https:\/\/yensaonhannghia.com\/\",\"logo\":{\"@type\":\"ImageObject\",\"inLanguage\":\"vi\",\"@id\":\"https:\/\/yensaonhannghia.com\/#\/schema\/logo\/image\/\",\"url\":\"https:\/\/yensaonhannghia.com\/wp-content\/uploads\/383231099_871648821188769_7377963593789884731_n.jpeg\",\"contentUrl\":\"https:\/\/yensaonhannghia.com\/wp-content\/uploads\/383231099_871648821188769_7377963593789884731_n.jpeg\",\"width\":591,\"height\":591,\"caption\":\"Y\u1ebeN S\u00c0O NH\u00c2N NGH\u0128A\"},\"image\":{\"@id\":\"https:\/\/yensaonhannghia.com\/#\/schema\/logo\/image\/\"}}]}<\/script>\n<!-- \/ Yoast SEO plugin. -->","yoast_head_json":{"title":"H\u00c0NH TR\u00ccNH 6 N\u0102M KH\u1eb2NG \u0110\u1ecaNH NI\u1ec0M TIN - Y\u1ebeN S\u00c0O NH\u00c2N NGH\u0128A","robots":{"index":"index","follow":"follow","max-snippet":"max-snippet:-1","max-image-preview":"max-image-preview:large","max-video-preview":"max-video-preview:-1"},"canonical":"https:\/\/yensaonhannghia.com\/index.php\/hanh-trinh-5-nam-khang-dinh-niem-tin\/","og_locale":"vi_VN","og_type":"article","og_title":"H\u00c0NH TR\u00ccNH 6 N\u0102M KH\u1eb2NG \u0110\u1ecaNH NI\u1ec0M TIN - Y\u1ebeN S\u00c0O NH\u00c2N NGH\u0128A","og_description":"Trong su\u1ed1t 6 n\u0103m ho\u1ea1t \u0111\u1ed9ng tr\u00ean th\u1ecb tr\u01b0\u1eddng, Y\u1ebfn S\u00e0o Nh\u00e2n Ngh\u0129a \u0111\u00e3 v\u01b0\u1ee3t qua nhi\u1ec1u th\u00e1ch th\u1ee9c v\u00e0 kh\u1eb3ng \u0111\u1ecbnh \u0111\u01b0\u1ee3c v\u1ecb th\u1ebf l\u00e0 m\u1ed9t trong nh\u1eefng th\u01b0\u01a1ng hi\u1ec7u uy t\u00edn v\u00e0 tin c\u1eady trong l\u0129nh v\u1ef1c y\u1ebfn s\u00e0o t\u1ea1i Vi\u1ec7t Nam. V\u1edbi cam k\u1ebft mang \u0111\u1ebfn s\u1ef1 ho\u00e0n h\u1ea3o v\u00e0 s\u1ef1 t\u1eadn [&hellip;]","og_url":"https:\/\/yensaonhannghia.com\/index.php\/hanh-trinh-5-nam-khang-dinh-niem-tin\/","og_site_name":"Y\u1ebeN S\u00c0O NH\u00c2N NGH\u0128A","article_modified_time":"2024-08-09T02:19:19+00:00","twitter_card":"summary_large_image","twitter_misc":{"\u01af\u1edbc t\u00ednh th\u1eddi gian \u0111\u1ecdc":"3 ph\u00fat"},"schema":{"@context":"https:\/\/schema.org","@graph":[{"@type":"WebPage","@id":"https:\/\/yensaonhannghia.com\/index.php\/hanh-trinh-5-nam-khang-dinh-niem-tin\/","url":"https:\/\/yensaonhannghia.com\/index.php\/hanh-trinh-5-nam-khang-dinh-niem-tin\/","name":"H\u00c0NH TR\u00ccNH 6 N\u0102M KH\u1eb2NG \u0110\u1ecaNH NI\u1ec0M TIN - Y\u1ebeN S\u00c0O NH\u00c2N NGH\u0128A","isPartOf":{"@id":"https:\/\/yensaonhannghia.com\/#website"},"datePublished":"2023-10-10T04:32:30+00:00","dateModified":"2024-08-09T02:19:19+00:00","breadcrumb":{"@id":"https:\/\/yensaonhannghia.com\/index.php\/hanh-trinh-5-nam-khang-dinh-niem-tin\/#breadcrumb"},"inLanguage":"vi","potentialAction":[{"@type":"ReadAction","target":["https:\/\/yensaonhannghia.com\/index.php\/hanh-trinh-5-nam-khang-dinh-niem-tin\/"]}]},{"@type":"BreadcrumbList","@id":"https:\/\/yensaonhannghia.com\/index.php\/hanh-trinh-5-nam-khang-dinh-niem-tin\/#breadcrumb","itemListElement":[{"@type":"ListItem","position":1,"name":"Trang ch\u1ee7","item":"https:\/\/yensaonhannghia.com\/"},{"@type":"ListItem","position":2,"name":"H\u00c0NH TR\u00ccNH 6 N\u0102M KH\u1eb2NG \u0110\u1ecaNH NI\u1ec0M TIN"}]},{"@type":"WebSite","@id":"https:\/\/yensaonhannghia.com\/#website","url":"https:\/\/yensaonhannghia.com\/","name":"Y\u1ebeN S\u00c0O NH\u00c2N NGH\u0128A","description":"Y\u1ebfn S\u00e0o Nh\u00e2n Ngh\u0129a","publisher":{"@id":"https:\/\/yensaonhannghia.com\/#organization"},"potentialAction":[{"@type":"SearchAction","target":{"@type":"EntryPoint","urlTemplate":"https:\/\/yensaonhannghia.com\/?s={search_term_string}"},"query-input":"required name=search_term_string"}],"inLanguage":"vi"},{"@type":"Organization","@id":"https:\/\/yensaonhannghia.com\/#organization","name":"Y\u1ebeN S\u00c0O NH\u00c2N NGH\u0128A","url":"https:\/\/yensaonhannghia.com\/","logo":{"@type":"ImageObject","inLanguage":"vi","@id":"https:\/\/yensaonhannghia.com\/#\/schema\/logo\/image\/","url":"https:\/\/yensaonhannghia.com\/wp-content\/uploads\/383231099_871648821188769_7377963593789884731_n.jpeg","contentUrl":"https:\/\/yensaonhannghia.com\/wp-content\/uploads\/383231099_871648821188769_7377963593789884731_n.jpeg","width":591,"height":591,"caption":"Y\u1ebeN S\u00c0O NH\u00c2N NGH\u0128A"},"image":{"@id":"https:\/\/yensaonhannghia.com\/#\/schema\/logo\/image\/"}}]}},"jetpack_sharing_enabled":true,"_links":{"self":[{"href":"https:\/\/yensaonhannghia.com\/index.php\/wp-json\/wp\/v2\/pages\/901","targetHints":{"allow":["GET"]}}],"collection":[{"href":"https:\/\/yensaonhannghia.com\/index.php\/wp-json\/wp\/v2\/pages"}],"about":[{"href":"https:\/\/yensaonhannghia.com\/index.php\/wp-json\/wp\/v2\/types\/page"}],"author":[{"embeddable":true,"href":"https:\/\/yensaonhannghia.com\/index.php\/wp-json\/wp\/v2\/users\/1"}],"replies":[{"embeddable":true,"href":"https:\/\/yensaonhannghia.com\/index.php\/wp-json\/wp\/v2\/comments?post=901"}],"version-history":[{"count":10,"href":"https:\/\/yensaonhannghia.com\/index.php\/wp-json\/wp\/v2\/pages\/901\/revisions"}],"predecessor-version":[{"id":1179,"href":"https:\/\/yensaonhannghia.com\/index.php\/wp-json\/wp\/v2\/pages\/901\/revisions\/1179"}],"wp:attachment":[{"href":"https:\/\/yensaonhannghia.com\/index.php\/wp-json\/wp\/v2\/media?parent=901"}],"curies":[{"name":"wp","href":"https:\/\/api.w.org\/{rel}","templated":true}]}}